{"id":107,"date":"2023-11-06T10:57:19","date_gmt":"2023-11-06T09:57:19","guid":{"rendered":"https:\/\/griale.dfelg.ua.es\/cihv2024\/?page_id=107"},"modified":"2024-03-26T12:51:28","modified_gmt":"2024-03-26T11:51:28","slug":"comites","status":"publish","type":"page","link":"https:\/\/griale.dfelg.ua.es\/cihv2024\/comites\/","title":{"rendered":"Comit\u00e9s"},"content":{"rendered":"<h2>COMIT\u00c9 ORGANIZADOR<\/h2>\n<h3>Direcci\u00f3n:<\/h3>\n<p>Leonor Ruiz Gurillo (Universidad de Alicante)<\/p>\n<p>Esther Linares Bernab\u00e9u (Universitat de Val\u00e8ncia)<\/p>\n<h3>Secretar\u00eda:<\/h3>\n<p>Jose Antonio Ortega Gilabert (Universidad de Alicante)<\/p>\n<p>Anastasia Khaylina (Universidad de Alicante)<\/p>\n<h3>Vocal\u00eda:<\/h3>\n<p>Larissa Timofeeva Timofeev (Universidad de Alicante)<\/p>\n<p>Mar\u00eda Bel\u00e9n Alvarado Ortega (Universidad de Alicante)<\/p>\n<p>Jos\u00e9 Joaqu\u00edn Mart\u00ednez Egido (Universidad de Alicante)<\/p>\n<p>Francisco Yus (Universidad de Alicante)<\/p>\n<p>G. Angela Mura (Universidad de Alicante)<\/p>\n<p>Laura Aliaga Aguza (Universidad Isabel I)<\/p>\n<p>Alicia Merino Gonz\u00e1lez (Universidad de Alicante)<\/p>\n<p>Carmen Marim\u00f3n Llorca (Universidad de Alicante)<\/p>\n<p>Jorge Fern\u00e1ndez Ja\u00e9n (Universidad de Alicante)<\/p>\n<p>Ruth Lavale Ortiz (Universidad de Alicante)<\/p>\n<p>Susana Rodr\u00edguez Rosique (Universidad de Alicante)<\/p>\n<p>Juan Luis Jim\u00e9nez Ruiz (Universidad de Alicante)<\/p>\n<p>Chelo Vargas (Universidad de Alicante)<\/p>\n<p>Elvira Manero Richard (Universidad de Murcia)<\/p>\n<p>Ana Mancera Rueda (Universidad de Sevilla)<\/p>\n<p>Gloria Ucl\u00e9s Ramada (Universidad de Alicante)<\/p>\n<p>&nbsp;<\/p>\n<h2>COMIT\u00c9 CIENT\u00cdFICO<\/h2>\n<p>Salvatore Attardo (Texas A&amp;M University\u2013Commerce, Estados Unidos)<\/p>\n<p>Delia Chiaro (Universidad de Bolonia, Italia)<\/p>\n<p>Neal R. Norrick (Universidad del Sarre, Alemania)<\/p>\n<p>Helga Kotthoff (Universidad de Friburgo, Alemania)<\/p>\n<p>Jef Verschueren (Universidad de Amberes, B\u00e9lgica)<\/p>\n<p>B\u00e9atrice Priego-Valverde (Universidad de Aix-Marsella, Francia)<\/p>\n<p>W\u0142adys\u0142aw Ch\u0142opicki (Universidad Jaguel\u00f3nica, Polonia)<\/p>\n<p>Michael Haugh (Universidad de Queensland, Australia)<\/p>\n<p>Manuel Padilla (Universidad de Sevilla, Espa\u00f1a)<\/p>\n<p>Ana Pano Alam\u00e1n (Universidad de Bolonia, Italia)<\/p>\n<p>Laura Alba (UNED, Espa\u00f1a)<\/p>\n<p>Jonathan Culpeper (Universidad de Lancaster, Reino Unido)<\/p>\n<p>Villy Tsakona (Universidad de Atenas, Grecia)<\/p>\n<p>Marta Albelda Marco (Universidad de Valencia, Espa\u00f1a)<\/p>\n<p>Antonio Briz G\u00f3mez (Universidad de Valencia, Espa\u00f1a)<\/p>\n<p>Francisco Chico Rico (Universidad de Alicante, Espa\u00f1a)<\/p>\n<p>Antonio Hidalgo Navarro (Universidad de Valencia, Espa\u00f1a)<\/p>\n<p>Salvador Pons Border\u00eda (Universidad de Valencia, Espa\u00f1a)<\/p>\n<p>Mar\u00eda Estell\u00e9s Arguedas (Universidad de Valencia, Espa\u00f1a)<\/p>\n<p>Juan Antonio R\u00edos Carratal\u00e1 (Universidad de Valencia, Espa\u00f1a)<\/p>\n<p>Mar\u00eda Simarro (Universidad de Burgos, Espa\u00f1a)<\/p>\n","protected":false},"excerpt":{"rendered":"<div class=\"slide-text-bg2\"><span>COMIT\u00c9 ORGANIZADOR Direcci\u00f3n: Leonor Ruiz Gurillo (Universidad de Alicante) Esther Linares Bernab\u00e9u (Universitat de Val\u00e8ncia) Secretar\u00eda: Jose Antonio<\/span><\/div>\n<div class=\"slide-btn-area-sm\"><a href=\"https:\/\/griale.dfelg.ua.es\/cihv2024\/comites\/\" class=\"slide-btn-sm\">Leer m\u00e1s<\/a><\/div>\n","protected":false},"author":1,"featured_media":0,"parent":0,"menu_order":0,"comment_status":"closed","ping_status":"closed","template":"","meta":{"footnotes":""},"class_list":["post-107","page","type-page","status-publish","hentry"],"_links":{"self":[{"href":"https:\/\/griale.dfelg.ua.es\/cihv2024\/wp-json\/wp\/v2\/pages\/107","targetHints":{"allow":["GET"]}}],"collection":[{"href":"https:\/\/griale.dfelg.ua.es\/cihv2024\/wp-json\/wp\/v2\/pages"}],"about":[{"href":"https:\/\/griale.dfelg.ua.es\/cihv2024\/wp-json\/wp\/v2\/types\/page"}],"author":[{"embeddable":true,"href":"https:\/\/griale.dfelg.ua.es\/cihv2024\/wp-json\/wp\/v2\/users\/1"}],"replies":[{"embeddable":true,"href":"https:\/\/griale.dfelg.ua.es\/cihv2024\/wp-json\/wp\/v2\/comments?post=107"}],"version-history":[{"count":7,"href":"https:\/\/griale.dfelg.ua.es\/cihv2024\/wp-json\/wp\/v2\/pages\/107\/revisions"}],"predecessor-version":[{"id":337,"href":"https:\/\/griale.dfelg.ua.es\/cihv2024\/wp-json\/wp\/v2\/pages\/107\/revisions\/337"}],"wp:attachment":[{"href":"https:\/\/griale.dfelg.ua.es\/cihv2024\/wp-json\/wp\/v2\/media?parent=107"}],"curies":[{"name":"wp","href":"https:\/\/api.w.org\/{rel}","templated":true}]}}