{"id":110,"date":"2023-11-06T10:58:15","date_gmt":"2023-11-06T09:58:15","guid":{"rendered":"https:\/\/griale.dfelg.ua.es\/cihv2024\/?page_id=110"},"modified":"2024-03-26T12:51:48","modified_gmt":"2024-03-26T11:51:48","slug":"committees","status":"publish","type":"page","link":"https:\/\/griale.dfelg.ua.es\/cihv2024\/en\/committees\/","title":{"rendered":"Committees"},"content":{"rendered":"<h2>ORGANISING COMMITTEE<\/h2>\n<p>&nbsp;<\/p>\n<h3>Conference chairs:<\/h3>\n<p>Leonor Ruiz Gurillo (University of Alicante)<\/p>\n<p>Esther Linares Bernab\u00e9u (University of Valencia)<\/p>\n<h3>Secretary:<\/h3>\n<p>Jose Antonio Ortega Gilabert (University of Alicante)<\/p>\n<p>Anastasia Khaylina (University of Alicante)<\/p>\n<h3>Organising board:<\/h3>\n<p>Larissa Timofeeva Timofeev (University of Alicante)<\/p>\n<p>Mar\u00eda Bel\u00e9n Alvarado Ortega (University of Alicante)<\/p>\n<p>Jos\u00e9 Joaqu\u00edn Mart\u00ednez Egido (University of Alicante)<\/p>\n<p>Francisco Yus (University of Alicante)<\/p>\n<p>G. Angela Mura (University of Alicante)<\/p>\n<p>Laura Aliaga Aguza (Isabel I University)<\/p>\n<p>Alicia Merino Gonz\u00e1lez (University of Alicante)<\/p>\n<p>Carmen Marim\u00f3n Llorca (University of Alicante)<\/p>\n<p>Jorge Fern\u00e1ndez Ja\u00e9n (University of Alicante)<\/p>\n<p>Ruth Lavale Ortiz (University of Alicante)<\/p>\n<p>Susana Rodr\u00edguez Rosique (University of Alicante)<\/p>\n<p>Juan Luis Jim\u00e9nez Ruiz (University of Alicante)<\/p>\n<p>Chelo Vargas (University of Alicante)<\/p>\n<p>Elvira Manero Richard (University of Murcia)<\/p>\n<p>Ana Mancera Rueda (University of Seville)<\/p>\n<p>Gloria Ucl\u00e9s Ramada (University of Alicante)<\/p>\n<p>&nbsp;<\/p>\n<h2>SCIENTIFIC COMMITTEE<\/h2>\n<p>Salvatore Attardo (Texas A&amp;M University\u2013Commerce, United States)<\/p>\n<p>Delia Chiaro (University of Bologna, Italy)<\/p>\n<p>Neal R. Norrick (Saarland University, Germany)<\/p>\n<p>Helga Kotthoff (University of Freiburg, Germany)<\/p>\n<p>Jef Verschueren (University of Antwerp, Belgium)<\/p>\n<p>B\u00e9atrice Priego-Valverde (Aix-Marseille University, France)<\/p>\n<p>W\u0142adys\u0142aw Ch\u0142opicki (Jagiellonian University, Poland)<\/p>\n<p>Michael Haugh (University of Queensland, Australia)<\/p>\n<p>Manuel Padilla (University of Seville, Spain)<\/p>\n<p>Ana Pano Alam\u00e1n (University of Bologna, Italy)<\/p>\n<p>Laura Alba (UNED, Spain)<\/p>\n<p>Jonathan Culpeper (Lancaster University, United Kingdom)<\/p>\n<p>Villy Tsakona (University of Athens, Greece)<\/p>\n<p>Marta Albelda Marco (University of Valencia, Spain)<\/p>\n<p>Antonio Briz G\u00f3mez (University of Valencia, Spain)<\/p>\n<p>Francisco Chico Rico (University of Alicante, Spain)<\/p>\n<p>Antonio Hidalgo Navarro (University of Valencia, Spain)<\/p>\n<p>Salvador Pons Border\u00eda (University of Valencia, Spain)<\/p>\n<p>Mar\u00eda Estell\u00e9s Arguedas (University of Valencia, Spain)<\/p>\n<p>Juan Antonio R\u00edos Carratal\u00e1 (University of Valencia, Spain)<\/p>\n<p>Mar\u00eda Simarro (University of Burgos, Spain)<\/p>\n","protected":false},"excerpt":{"rendered":"<div class=\"slide-text-bg2\"><span>ORGANISING COMMITTEE &nbsp; Conference chairs: Leonor Ruiz Gurillo (University of Alicante) Esther Linares Bernab\u00e9u (University of Valencia) Secretary: Jo<\/span><\/div>\n<div class=\"slide-btn-area-sm\"><a href=\"https:\/\/griale.dfelg.ua.es\/cihv2024\/en\/committees\/\" class=\"slide-btn-sm\">Leer m\u00e1s<\/a><\/div>\n","protected":false},"author":1,"featured_media":0,"parent":0,"menu_order":0,"comment_status":"closed","ping_status":"closed","template":"","meta":{"footnotes":""},"class_list":["post-110","page","type-page","status-publish","hentry"],"_links":{"self":[{"href":"https:\/\/griale.dfelg.ua.es\/cihv2024\/wp-json\/wp\/v2\/pages\/110","targetHints":{"allow":["GET"]}}],"collection":[{"href":"https:\/\/griale.dfelg.ua.es\/cihv2024\/wp-json\/wp\/v2\/pages"}],"about":[{"href":"https:\/\/griale.dfelg.ua.es\/cihv2024\/wp-json\/wp\/v2\/types\/page"}],"author":[{"embeddable":true,"href":"https:\/\/griale.dfelg.ua.es\/cihv2024\/wp-json\/wp\/v2\/users\/1"}],"replies":[{"embeddable":true,"href":"https:\/\/griale.dfelg.ua.es\/cihv2024\/wp-json\/wp\/v2\/comments?post=110"}],"version-history":[{"count":5,"href":"https:\/\/griale.dfelg.ua.es\/cihv2024\/wp-json\/wp\/v2\/pages\/110\/revisions"}],"predecessor-version":[{"id":338,"href":"https:\/\/griale.dfelg.ua.es\/cihv2024\/wp-json\/wp\/v2\/pages\/110\/revisions\/338"}],"wp:attachment":[{"href":"https:\/\/griale.dfelg.ua.es\/cihv2024\/wp-json\/wp\/v2\/media?parent=110"}],"curies":[{"name":"wp","href":"https:\/\/api.w.org\/{rel}","templated":true}]}}