{"id":126,"date":"2023-11-06T12:03:07","date_gmt":"2023-11-06T11:03:07","guid":{"rendered":"https:\/\/griale.dfelg.ua.es\/cihv2024\/?page_id=126"},"modified":"2024-09-04T11:39:39","modified_gmt":"2024-09-04T09:39:39","slug":"masinformacion","status":"publish","type":"page","link":"https:\/\/griale.dfelg.ua.es\/cihv2024\/masinformacion\/","title":{"rendered":"M\u00e1s info"},"content":{"rendered":"<div class=\"row\">\n<div class=\"col-md-12\">\n<h2>Alojamientos<\/h2>\n<p>El comit\u00e9 organizador recomienda dos opciones de alojamiento con precio especial. Para acogerse a estas tarifas, se debe reservar directamente por correo electr\u00f3nico, indicando que usted participa en el \u00ab<i>II Congreso Internacional sobre el Humor Verbal<\/i>\u00bb mediante el localizador &#8216;<b>HUMOR VERBAL<\/b>&#8216;.<\/p>\n<\/div>\n<\/div>\n<div class=\"row\">\n<div class=\"col-md-6\">\n<p><a href=\"https:\/\/www.villauniversitaria.com\/\" target=\"_blank\" rel=\"noopener\"><br \/>\n<img decoding=\"async\" style=\"height: 55px; margin: 25px auto;\" src=\"https:\/\/griale.dfelg.ua.es\/cihv2024\/wp-content\/uploads\/2024\/05\/logo_2020-e1583485051195.png\" alt=\"Villa Universitaria\" width=\"250\" \/><br \/>\n<\/a><\/p>\n<p><strong>Residencia Villa Universitaria (San Vicente del Raspeig)<br \/>\n(<a href=\"mailto:reservas@villauniversitaria.com\">reservas@villauniversitaria.com<\/a>).<br \/>\n<\/strong><\/p>\n<p>La Residencia Villa Universitaria est\u00e1 a 100 metros de la Universidad de Alicante. Dispone de numerosos servicios:\u00a0 garaje privado con acceso directo a las habitaciones, conexi\u00f3n a Internet,\u00a0 polideportivo, piscina de temporada y sala fitness.<\/p>\n<p><strong><br \/>\n<a href=\"https:\/\/www.villauniversitaria.com\/\" target=\"_blank\" rel=\"noopener\">https:\/\/www.villauniversitaria.com\/<\/a><br \/>\n<\/strong><\/p>\n<table class=\"table table-striped table-hover table-bordered text-center\" cellspacing=\"0\" cellpadding=\"0\">\n<tbody>\n<tr>\n<td><strong>HABITACI\u00d3N<\/strong><\/td>\n<td><strong>SOLO ALOJAMIENTO<\/strong><\/td>\n<td><strong>ALOJAMIENTO Y DESAYUNO<\/strong><\/td>\n<td><strong>MEDIA PENSI\u00d3N<\/strong><\/td>\n<td><strong>PENSI\u00d3N COMPLETA<\/strong><\/td>\n<\/tr>\n<tr>\n<td><strong>Basic Doble uso individual<\/strong><\/td>\n<td>61,20 \u20ac<\/td>\n<td>67,20 \u20ac<\/td>\n<td>78,20 \u20ac<\/td>\n<td>89,20 \u20ac<\/td>\n<\/tr>\n<tr>\n<td><strong>Basic Doble dos personas<\/strong><\/td>\n<td>65,45 \u20ac<\/td>\n<td>77,45 \u20ac<\/td>\n<td>99,45 \u20ac<\/td>\n<td>121,45 \u20ac<\/td>\n<\/tr>\n<tr>\n<td><strong>Confort 1 pax \u2013 Cama de matrimonio<\/strong><\/td>\n<td>77,35 \u20ac<\/td>\n<td>83,35 \u20ac<\/td>\n<td>94,35 \u20ac<\/td>\n<td>105,35 \u20ac<\/td>\n<\/tr>\n<tr>\n<td><strong>Confort 2 pax \u2013 Cama de matrimonio<\/strong><\/td>\n<td>77,35 \u20ac<\/td>\n<td>89,35 \u20ac<\/td>\n<td>111,35 \u20ac<\/td>\n<td>133,35 \u20ac<\/td>\n<\/tr>\n<\/tbody>\n<\/table>\n<\/div>\n<div class=\"col-md-6\">\n<p><a href=\"https:\/\/www.hotelvillauniversitaria.com\/\" target=\"_blank\" rel=\"noopener\"><br \/>\n<img decoding=\"async\" style=\"height: 55px; margin: 25px auto;\" src=\"https:\/\/griale.dfelg.ua.es\/cihv2024\/wp-content\/uploads\/2024\/05\/HOTELVU.png\" alt=\"Hotel Villa Universitaria\" width=\"250\" \/><br \/>\n<\/a><\/p>\n<p><strong>Hotel Villa Universitaria (San Vicente del Raspeig)<br \/>\n(<a href=\"mailto:reservas@hotelvillauniversitaria.com\">reservas@hotelvillauniversitaria.com<\/a>)<br \/>\n<\/strong><\/p>\n<p>El\u00a0Hotel Villa Universitaria es un hotel de tres estrellas inaugurado en 2024 y que\u00a0se encuentra ubicado en la ciudad de\u00a0San Vicente del Raspeig, junto a la Universidad de Alicante y a tan solo\u00a010 minutos del centro de Alicante,\u00a0del aeropuerto y de la\u00a0estaci\u00f3n de tren \u2013 AVE.<\/p>\n<p><strong><br \/>\n<a href=\"https:\/\/www.hotelvillauniversitaria.com\/\" target=\"_blank\" rel=\"noopener\">https:\/\/www.hotelvillauniversitaria.com\/<\/a><br \/>\n<\/strong><\/p>\n<table class=\"table table-striped table-hover table-bordered text-center\" cellspacing=\"0\" cellpadding=\"0\">\n<tbody>\n<tr>\n<td><strong>HABITACI\u00d3N<\/strong><\/td>\n<td><strong>SOLO ALOJAMIENTO<\/strong><\/td>\n<td><strong>ALOJAMIENTO Y DESAYUNO<\/strong><\/td>\n<td><strong>MEDIA PENSI\u00d3N<\/strong><\/td>\n<td><strong>PENSI\u00d3N COMPLETA<\/strong><\/td>\n<\/tr>\n<tr>\n<td><strong>Basic Doble uso individual<\/strong><\/td>\n<td>78,20 \u20ac<\/td>\n<td>84,20 \u20ac<\/td>\n<td>96,20 \u20ac<\/td>\n<td>108,20 \u20ac<\/td>\n<\/tr>\n<tr>\n<td><strong>Basic Doble dos personas<\/strong><\/td>\n<td>82,45 \u20ac<\/td>\n<td>94,45 \u20ac<\/td>\n<td>118,45 \u20ac<\/td>\n<td>142,45 \u20ac<\/td>\n<\/tr>\n<tr>\n<td><strong>Confort 1 pax \u2013 Cama de matrimonio<\/strong><\/td>\n<td>125,00 \u20ac<\/td>\n<td>131,00 \u20ac<\/td>\n<td>143,00 \u20ac<\/td>\n<td>155,00 \u20ac<\/td>\n<\/tr>\n<tr>\n<td><strong>Confort 2 pax \u2013 Cama de matrimonio<\/strong><\/td>\n<td>125,00 \u20ac<\/td>\n<td>137,00 \u20ac<\/td>\n<td>161,00 \u20ac<\/td>\n<td>185,00 \u20ac<\/td>\n<\/tr>\n<\/tbody>\n<\/table>\n<\/div>\n<\/div>\n<div class=\"row\">\n<div class=\"col-md-12\">\n<p><a id=\"cena-de-gala\" name=\"cena-de-gala\"><\/a><\/p>\n<h2>Cena de gala<\/h2>\n<p>La cena de gala tendr\u00e1 lugar el jueves 17 de octubre en el Restaurante Poniente (Real Club de Regatas de Alicante, Muelle Pte., 3, 03003 Alicante).<\/p>\n<p>Puede consultar el men\u00fa de la cena de gala pulsando <a href=\"https:\/\/griale.dfelg.ua.es\/cihv2024\/wp-content\/uploads\/2024\/05\/MENU-CENA-DE-GALA.pdf\"><strong>aqu\u00ed<\/strong><\/a>. Tambi\u00e9n puede consultar la <a href=\"https:\/\/griale.dfelg.ua.es\/cihv2024\/wp-content\/uploads\/2024\/09\/MenuVegano.pdf\">opci\u00f3n vegetariana\/vegana<\/a>.<\/p>\n<p>Si desea asistir a la cena de gala, deber\u00e1 abonar en efectivo la cantidad de 50 euros en el momento de retirar su acreditaci\u00f3n en la mesa de recepci\u00f3n.<\/p>\n<p>&nbsp;<\/p>\n<\/div>\n<\/div>\n<div class=\"row\">\n<div class=\"col-md-6\">\n<h2>Contacto<\/h2>\n<p><strong>Grupo de Investigaci\u00f3n sobre la iron\u00eda y el humor en espa\u00f1ol (GRIALE)<\/strong><\/p>\n<p>Dpto. de Filolog\u00eda Espa\u00f1ola, Ling\u00fc\u00edstica General y Teor\u00eda de la Literatura<br \/>\nFacultad de Filosof\u00eda y Letras<br \/>\nCampus de San Vicente del Raspeig<br \/>\nAp. 99 Universidad de Alicante<br \/>\nE-03080 ALICANTE \u2013 Spain<\/p>\n<p>Email: <a class=\"moz-txt-link-abbreviated\" href=\"mailto:CIHV2024@gmail.com\">CIHV2024@gmail.com<\/a><\/p>\n<\/div>\n<div class=\"col-md-6\">\n<p style=\"margin-top: 25px;\"><iframe loading=\"lazy\" style=\"border: 0;\" src=\"https:\/\/www.google.com\/maps\/embed?pb=!1m18!1m12!1m3!1d783.5851961347975!2d-0.5161244698064342!3d38.38536024785027!2m3!1f0!2f0!3f0!3m2!1i1024!2i768!4f13.1!3m3!1m2!1s0xd62376c2f8ff7d1%3A0xb7304f618d175747!2sFilosof%C3%ADa%20y%20Letras%20UA!5e1!3m2!1ses!2ses!4v1715929874667!5m2!1ses!2ses\" width=\"400\" height=\"400\" allowfullscreen=\"allowfullscreen\"><\/iframe><\/p>\n<\/div>\n<\/div>\n","protected":false},"excerpt":{"rendered":"<div class=\"slide-text-bg2\"><span>Alojamientos El comit\u00e9 organizador recomienda dos opciones de alojamiento con precio especial. Para acogerse a estas tarifas, se debe reservar directament<\/span><\/div>\n<div class=\"slide-btn-area-sm\"><a href=\"https:\/\/griale.dfelg.ua.es\/cihv2024\/masinformacion\/\" class=\"slide-btn-sm\">Leer m\u00e1s<\/a><\/div>\n","protected":false},"author":1,"featured_media":0,"parent":0,"menu_order":0,"comment_status":"closed","ping_status":"closed","template":"","meta":{"footnotes":""},"class_list":["post-126","page","type-page","status-publish","hentry"],"_links":{"self":[{"href":"https:\/\/griale.dfelg.ua.es\/cihv2024\/wp-json\/wp\/v2\/pages\/126","targetHints":{"allow":["GET"]}}],"collection":[{"href":"https:\/\/griale.dfelg.ua.es\/cihv2024\/wp-json\/wp\/v2\/pages"}],"about":[{"href":"https:\/\/griale.dfelg.ua.es\/cihv2024\/wp-json\/wp\/v2\/types\/page"}],"author":[{"embeddable":true,"href":"https:\/\/griale.dfelg.ua.es\/cihv2024\/wp-json\/wp\/v2\/users\/1"}],"replies":[{"embeddable":true,"href":"https:\/\/griale.dfelg.ua.es\/cihv2024\/wp-json\/wp\/v2\/comments?post=126"}],"version-history":[{"count":11,"href":"https:\/\/griale.dfelg.ua.es\/cihv2024\/wp-json\/wp\/v2\/pages\/126\/revisions"}],"predecessor-version":[{"id":508,"href":"https:\/\/griale.dfelg.ua.es\/cihv2024\/wp-json\/wp\/v2\/pages\/126\/revisions\/508"}],"wp:attachment":[{"href":"https:\/\/griale.dfelg.ua.es\/cihv2024\/wp-json\/wp\/v2\/media?parent=126"}],"curies":[{"name":"wp","href":"https:\/\/api.w.org\/{rel}","templated":true}]}}