{"id":128,"date":"2023-11-06T12:03:37","date_gmt":"2023-11-06T11:03:37","guid":{"rendered":"https:\/\/griale.dfelg.ua.es\/cihv2024\/?page_id=128"},"modified":"2024-09-04T11:41:50","modified_gmt":"2024-09-04T09:41:50","slug":"moreinformation","status":"publish","type":"page","link":"https:\/\/griale.dfelg.ua.es\/cihv2024\/en\/moreinformation\/","title":{"rendered":"More info"},"content":{"rendered":"<div class=\"row\">\n<div class=\"col-md-12\">\n<h2>Alojamientos<\/h2>\n<p>The organizing committee suggests these two options for your stay in Alicante. If you would like to book one of these accommodations and get a special price for the conference, you will need to contact by email, and indicate that you will attend the \u00ab<em>II International Conference on Verbal Humour\u00bb<\/em> using the &#8216;<strong>HUMOR VERBAL<\/strong>&#8216; booking reference.<\/p>\n<\/div>\n<\/div>\n<div class=\"row\">\n<div class=\"col-md-6\">\n<p><a href=\"https:\/\/www.villauniversitaria.com\/\" target=\"_blank\" rel=\"noopener\"><br \/>\n<img decoding=\"async\" style=\"height: 55px; margin: 25px auto;\" src=\"https:\/\/griale.dfelg.ua.es\/cihv2024\/wp-content\/uploads\/2024\/05\/logo_2020-e1583485051195.png\" alt=\"Villa Universitaria\" width=\"250\" \/><br \/>\n<\/a><\/p>\n<p><strong>Residence Villa Universitaria (San Vicente del Raspeig)<br \/>\n(<a href=\"mailto:reservas@villauniversitaria.com\">reservas@villauniversitaria.com<\/a>).<br \/>\n<\/strong><\/p>\n<p>Residence Villa Universitaria is located only 100 metres from the University of Alicante. It offers many shared facilities for the use of the guests, including covered car parking with 24 hours access, Wifi connexion, a sport centre, a gym and an open air swimming pool.<\/p>\n<p><strong><br \/>\n<a href=\"https:\/\/www.villauniversitaria.com\/\" target=\"_blank\" rel=\"noopener\">https:\/\/www.villauniversitaria.com\/<\/a><br \/>\n<\/strong><\/p>\n<table class=\"table table-striped table-hover table-bordered text-center\" cellspacing=\"0\" cellpadding=\"0\">\n<tbody>\n<tr>\n<td><strong>ROOM<\/strong><\/td>\n<td><strong>ACCOM. ONLY<\/strong><\/td>\n<td><strong>ACCOM. AND BREAKFAST<\/strong><\/td>\n<td><strong>HALF-BOARD ROOM<\/strong><\/td>\n<td><strong>FULL BOARD<\/strong><\/td>\n<\/tr>\n<tr>\n<td><strong>Basic Doble single use<\/strong><\/td>\n<td>61,20 \u20ac<\/td>\n<td>67,20 \u20ac<\/td>\n<td>78,20 \u20ac<\/td>\n<td>89,20 \u20ac<\/td>\n<\/tr>\n<tr>\n<td><strong>Basic Doble<\/strong><\/td>\n<td>65,45 \u20ac<\/td>\n<td>77,45 \u20ac<\/td>\n<td>99,45 \u20ac<\/td>\n<td>121,45 \u20ac<\/td>\n<\/tr>\n<tr>\n<td><strong>Confort 1 pax \u2013 Double bed<\/strong><\/td>\n<td>77,35 \u20ac<\/td>\n<td>83,35 \u20ac<\/td>\n<td>94,35 \u20ac<\/td>\n<td>105,35 \u20ac<\/td>\n<\/tr>\n<tr>\n<td><strong>Confort 2 pax \u2013 Double bed<\/strong><\/td>\n<td>77,35 \u20ac<\/td>\n<td>89,35 \u20ac<\/td>\n<td>111,35 \u20ac<\/td>\n<td>133,35 \u20ac<\/td>\n<\/tr>\n<\/tbody>\n<\/table>\n<\/div>\n<div class=\"col-md-6\">\n<p><a href=\"https:\/\/www.hotelvillauniversitaria.com\/\" target=\"_blank\" rel=\"noopener\"><br \/>\n<img decoding=\"async\" style=\"height: 55px; margin: 25px auto;\" src=\"https:\/\/griale.dfelg.ua.es\/cihv2024\/wp-content\/uploads\/2024\/05\/HOTELVU.png\" alt=\"Hotel Villa Universitaria\" width=\"250\" \/><br \/>\n<\/a><\/p>\n<p><strong>Hotel Villa Universitaria (San Vicente del Raspeig)<br \/>\n(<a href=\"mailto:reservas@hotelvillauniversitaria.com\">reservas@hotelvillauniversitaria.com<\/a>)<br \/>\n<\/strong><\/p>\n<p>Hotel Villa Universitaria\u00a0is a 3-star hotel opened in 2024 and that is located in the city of\u00a0San Vicente del Raspeig, next to the University of Alicante and just\u00a010 minutes from the center of Alicante,\u00a0from the airport and from the\u00a0train station \u2013 AVE.<\/p>\n<p><strong><br \/>\n<a href=\"https:\/\/www.hotelvillauniversitaria.com\/\" target=\"_blank\" rel=\"noopener\">https:\/\/www.hotelvillauniversitaria.com\/<\/a><br \/>\n<\/strong><\/p>\n<table class=\"table table-striped table-hover table-bordered text-center\" cellspacing=\"0\" cellpadding=\"0\">\n<tbody>\n<tr>\n<td><strong>ROOM<\/strong><\/td>\n<td><strong>ACCOM. ONLY<\/strong><\/td>\n<td><strong>ACCOM. AND BREAKFAST<\/strong><\/td>\n<td><strong>HALF-BOARD ROOM<\/strong><\/td>\n<td><strong>FULL BOARD<\/strong><\/td>\n<\/tr>\n<tr>\n<td><strong>Basic Doble single use<\/strong><\/td>\n<td>78,20 \u20ac<\/td>\n<td>84,20 \u20ac<\/td>\n<td>96,20 \u20ac<\/td>\n<td>108,20 \u20ac<\/td>\n<\/tr>\n<tr>\n<td><strong>Basic Doble\u00a0<\/strong><\/td>\n<td>82,45 \u20ac<\/td>\n<td>94,45 \u20ac<\/td>\n<td>118,45 \u20ac<\/td>\n<td>142,45 \u20ac<\/td>\n<\/tr>\n<tr>\n<td><strong>Confort 1 pax \u2013 Double bed<\/strong><\/td>\n<td>125,00 \u20ac<\/td>\n<td>131,00 \u20ac<\/td>\n<td>143,00 \u20ac<\/td>\n<td>155,00 \u20ac<\/td>\n<\/tr>\n<tr>\n<td><strong>Confort 2 pax \u2013 Double bed<\/strong><\/td>\n<td>125,00 \u20ac<\/td>\n<td>137,00 \u20ac<\/td>\n<td>161,00 \u20ac<\/td>\n<td>185,00 \u20ac<\/td>\n<\/tr>\n<\/tbody>\n<\/table>\n<\/div>\n<\/div>\n<div class=\"row\">\n<div class=\"col-md-12\">\n<p><a id=\"gala-dinner\" name=\"gala-dinner\"><\/a><\/p>\n<h2>Conference dinner<\/h2>\n<p>The conference dinner will take place on Thursday, October 17th at Restaurant Poniente (Real Club de Regatas de Alicante, Muelle Pte., 3, 03003 Alicante).<\/p>\n<p>You can check the gala dinner menu by clicking <a href=\"https:\/\/griale.dfelg.ua.es\/cihv2024\/wp-content\/uploads\/2024\/05\/MENU-CENA-DE-GALA.pdf\"><strong>here<\/strong><\/a>. You can also check the <a href=\"https:\/\/griale.dfelg.ua.es\/cihv2024\/wp-content\/uploads\/2024\/09\/MenuVegano.pdf\">vegetarian\/vegan option.<\/a><\/p>\n<p>If you wish to attend the gala dinner, you will be asked to pay 50 euros in cash when you collect your badge at the reception desk.<\/p>\n<p>&nbsp;<\/p>\n<\/div>\n<\/div>\n<div class=\"row\">\n<div class=\"col-md-6\">\n<h2>Contact<\/h2>\n<p><strong>Grupo de Investigaci\u00f3n sobre la iron\u00eda y el humor en espa\u00f1ol (GRIALE)<\/strong><\/p>\n<p>Dpto. de Filolog\u00eda Espa\u00f1ola, Ling\u00fc\u00edstica General y Teor\u00eda de la Literatura<br \/>\nFacultad de Filosof\u00eda y Letras<br \/>\nCampus de San Vicente del Raspeig<br \/>\nAp. 99 Universidad de Alicante<br \/>\nE-03080 ALICANTE \u2013 Spain<\/p>\n<p>Email: <a class=\"moz-txt-link-abbreviated\" href=\"mailto:CIHV2024@gmail.com\">CIHV2024@gmail.com<\/a><\/p>\n<\/div>\n<div class=\"col-md-6\">\n<p style=\"margin-top: 25px;\"><iframe loading=\"lazy\" style=\"border: 0;\" src=\"https:\/\/www.google.com\/maps\/embed?pb=!1m18!1m12!1m3!1d783.5851961347975!2d-0.5161244698064342!3d38.38536024785027!2m3!1f0!2f0!3f0!3m2!1i1024!2i768!4f13.1!3m3!1m2!1s0xd62376c2f8ff7d1%3A0xb7304f618d175747!2sFilosof%C3%ADa%20y%20Letras%20UA!5e1!3m2!1ses!2ses!4v1715929874667!5m2!1ses!2ses\" width=\"400\" height=\"400\" allowfullscreen=\"allowfullscreen\"><\/iframe><\/p>\n<\/div>\n<\/div>\n","protected":false},"excerpt":{"rendered":"<div class=\"slide-text-bg2\"><span>Alojamientos The organizing committee suggests these two options for your stay in Alicante. If you would like to book one of these accommodations and get a<\/span><\/div>\n<div class=\"slide-btn-area-sm\"><a href=\"https:\/\/griale.dfelg.ua.es\/cihv2024\/en\/moreinformation\/\" class=\"slide-btn-sm\">Leer m\u00e1s<\/a><\/div>\n","protected":false},"author":1,"featured_media":0,"parent":0,"menu_order":0,"comment_status":"closed","ping_status":"closed","template":"","meta":{"footnotes":""},"class_list":["post-128","page","type-page","status-publish","hentry"],"_links":{"self":[{"href":"https:\/\/griale.dfelg.ua.es\/cihv2024\/wp-json\/wp\/v2\/pages\/128","targetHints":{"allow":["GET"]}}],"collection":[{"href":"https:\/\/griale.dfelg.ua.es\/cihv2024\/wp-json\/wp\/v2\/pages"}],"about":[{"href":"https:\/\/griale.dfelg.ua.es\/cihv2024\/wp-json\/wp\/v2\/types\/page"}],"author":[{"embeddable":true,"href":"https:\/\/griale.dfelg.ua.es\/cihv2024\/wp-json\/wp\/v2\/users\/1"}],"replies":[{"embeddable":true,"href":"https:\/\/griale.dfelg.ua.es\/cihv2024\/wp-json\/wp\/v2\/comments?post=128"}],"version-history":[{"count":13,"href":"https:\/\/griale.dfelg.ua.es\/cihv2024\/wp-json\/wp\/v2\/pages\/128\/revisions"}],"predecessor-version":[{"id":510,"href":"https:\/\/griale.dfelg.ua.es\/cihv2024\/wp-json\/wp\/v2\/pages\/128\/revisions\/510"}],"wp:attachment":[{"href":"https:\/\/griale.dfelg.ua.es\/cihv2024\/wp-json\/wp\/v2\/media?parent=128"}],"curies":[{"name":"wp","href":"https:\/\/api.w.org\/{rel}","templated":true}]}}