{"id":16,"date":"2023-10-23T10:50:57","date_gmt":"2023-10-23T08:50:57","guid":{"rendered":"https:\/\/griale.dfelg.ua.es\/cihv2024\/?page_id=16"},"modified":"2024-10-09T09:37:10","modified_gmt":"2024-10-09T07:37:10","slug":"programa","status":"publish","type":"page","link":"https:\/\/griale.dfelg.ua.es\/cihv2024\/programa\/","title":{"rendered":"Programa"},"content":{"rendered":"<p>El <strong>II Congreso Internacional sobre el Humor Verbal (#CIHV2024)<\/strong> tiene el placer de presentarle el programa oficial de su pr\u00f3xima edici\u00f3n, que tendr\u00e1 lugar del 16 al 18 de octubre en Alicante.<\/p>\n<p>En este programa encontrar\u00e1 informaci\u00f3n detallada sobre la ubicaci\u00f3n y acceso, ponencias y dem\u00e1s actividades que se desarrollar\u00e1n durante el congreso.<\/p>\n<p><strong>Le invitamos a descargar el programa completo y a planificar su asistencia a este importante evento.<\/strong><br \/>\n<a href=\"https:\/\/griale.dfelg.ua.es\/cihv2024\/wp-content\/uploads\/2024\/10\/Programa-Programme.pdf?t=6\" target=\"_blank\" rel=\"noopener\"><br \/>\n<strong><span class=\"dashicons dashicons-pdf\">\u00a0<\/span>Programa<\/strong><br \/>\n<\/a><\/p>\n<p>Tambi\u00e9n puede consultar el libro de res\u00famenes del congreso:<\/p>\n<p><strong><a href=\"https:\/\/griale.dfelg.ua.es\/cihv2024\/wp-content\/uploads\/2024\/07\/Libro_de_resumenes_II_CIHV_2024.pdf\" target=\"_blank\" rel=\"noopener\"><span class=\"dashicons dashicons-pdf\">\u00a0<\/span> Libro de res\u00famenes<\/a><\/strong><\/p>\n","protected":false},"excerpt":{"rendered":"<div class=\"slide-text-bg2\"><span>El II Congreso Internacional sobre el Humor Verbal (#CIHV2024) tiene el placer de presentarle el programa oficial de su pr\u00f3xima edici\u00f3n, que tendr\u00e1 luga<\/span><\/div>\n<div class=\"slide-btn-area-sm\"><a href=\"https:\/\/griale.dfelg.ua.es\/cihv2024\/programa\/\" class=\"slide-btn-sm\">Leer m\u00e1s<\/a><\/div>\n","protected":false},"author":1,"featured_media":0,"parent":0,"menu_order":0,"comment_status":"closed","ping_status":"closed","template":"","meta":{"footnotes":""},"class_list":["post-16","page","type-page","status-publish","hentry"],"_links":{"self":[{"href":"https:\/\/griale.dfelg.ua.es\/cihv2024\/wp-json\/wp\/v2\/pages\/16","targetHints":{"allow":["GET"]}}],"collection":[{"href":"https:\/\/griale.dfelg.ua.es\/cihv2024\/wp-json\/wp\/v2\/pages"}],"about":[{"href":"https:\/\/griale.dfelg.ua.es\/cihv2024\/wp-json\/wp\/v2\/types\/page"}],"author":[{"embeddable":true,"href":"https:\/\/griale.dfelg.ua.es\/cihv2024\/wp-json\/wp\/v2\/users\/1"}],"replies":[{"embeddable":true,"href":"https:\/\/griale.dfelg.ua.es\/cihv2024\/wp-json\/wp\/v2\/comments?post=16"}],"version-history":[{"count":24,"href":"https:\/\/griale.dfelg.ua.es\/cihv2024\/wp-json\/wp\/v2\/pages\/16\/revisions"}],"predecessor-version":[{"id":553,"href":"https:\/\/griale.dfelg.ua.es\/cihv2024\/wp-json\/wp\/v2\/pages\/16\/revisions\/553"}],"wp:attachment":[{"href":"https:\/\/griale.dfelg.ua.es\/cihv2024\/wp-json\/wp\/v2\/media?parent=16"}],"curies":[{"name":"wp","href":"https:\/\/api.w.org\/{rel}","templated":true}]}}