{"id":24,"date":"2023-10-23T12:06:18","date_gmt":"2023-10-23T10:06:18","guid":{"rendered":"https:\/\/griale.dfelg.ua.es\/cihv2024\/?page_id=24"},"modified":"2024-09-23T12:49:49","modified_gmt":"2024-09-23T10:49:49","slug":"sponsors","status":"publish","type":"page","link":"https:\/\/griale.dfelg.ua.es\/cihv2024\/en\/sponsors\/","title":{"rendered":"Sponsors"},"content":{"rendered":"<h2>Organising Institutions<\/h2>\n<div class=\"row\">\n<div class=\"col-md-6 col-md-offset-1\"><img decoding=\"async\" class=\"img-responsive\" src=\"https:\/\/griale.dfelg.ua.es\/washum\/wp-content\/uploads\/2021\/04\/logotipoGriale.jpg\" \/><\/div>\n<div class=\"col-md-4\">\n<p>Grupo GRIALE (Grupo de Investigaci\u00f3n sobre la iron\u00eda y el humor en espa\u00f1ol. Universidad de Alicante) (VIGROB 0-65)<\/p>\n<\/div>\n<\/div>\n<p>&nbsp;<\/p>\n<hr \/>\n<div class=\"row\">\n<div class=\"col-md-4\"><img decoding=\"async\" class=\"img-responsive\" src=\"https:\/\/griale.dfelg.ua.es\/cihv2024\/wp-content\/uploads\/2024\/07\/gva-conselleria-es.png\" \/><\/div>\n<div class=\"col-md-3\"><img decoding=\"async\" class=\"img-responsive\" src=\"https:\/\/griale.dfelg.ua.es\/cihv2024\/wp-content\/uploads\/2023\/11\/Logo-Observahumor.jpg\" \/><\/div>\n<div class=\"col-md-5\">\n<p>Proyecto OBSERVAHUMOR.COM<\/p>\n<p>Etiquetaje pragm\u00e1tico para un observatorio de la identidad de mujeres y hombres a trav\u00e9s del humor. La plataforma Observahumor.com. PROMETEO\/2021\/079 (Generalitat Valenciana)<br \/>\n<a href=\"https:\/\/griale.dfelg.ua.es\/observahumor\/\">griale.dfelg.ua.es\/observahumor\/<\/a><\/p>\n<\/div>\n<\/div>\n<hr \/>\n<div class=\"row\">\n<div class=\"col-md-4\"><img decoding=\"async\" class=\"img-responsive\" style=\"margin-top: 20px;\" src=\"https:\/\/griale.dfelg.ua.es\/cihv2024\/wp-content\/uploads\/2023\/11\/miciin-aei.png\" \/><\/div>\n<div class=\"col-md-3\"><img decoding=\"async\" class=\"img-responsive\" src=\"https:\/\/griale.dfelg.ua.es\/cihv2024\/wp-content\/uploads\/2023\/11\/Logo-Humoraction-E.png\" \/><\/div>\n<div class=\"col-md-5\">\n<p>Proyecto HUMORACTION<\/p>\n<p>PID2019-104980GB-I00 \u201cEl humor interaccional en espa\u00f1ol. G\u00e9neros orales, escritos y tecnol\u00f3gicos\u201d (MCIN\/AEI\/10.13039\/501100011033) (2020-24)<br \/>\n<a href=\"https:\/\/griale.dfelg.ua.es\/proyectos-de-investigacion\/humoraction\/\">griale.dfelg.ua.es\/proyectos-de-investigacion\/humoraction\/<\/a><\/p>\n<\/div>\n<\/div>\n<hr \/>\n<div class=\"row\">\n<div class=\"col-md-4 col-md-offset-3\"><img decoding=\"async\" class=\"img-responsive\" src=\"https:\/\/griale.dfelg.ua.es\/cihv2024\/wp-content\/uploads\/2023\/11\/IULMA.jpg\" \/><\/div>\n<div class=\"col-md-5\">\n<p>Instituto Interuniversitario de Lenguas Modernas Aplicadas (IULMA)<\/p>\n<\/div>\n<\/div>\n<hr \/>\n<p>&nbsp;<\/p>\n<h2>Collaborating Institutions<\/h2>\n<div class=\"row\">\n<div class=\"col-md-4 col-md-offset-2\"><img decoding=\"async\" class=\"img-responsive\" src=\"https:\/\/griale.dfelg.ua.es\/cihv2024\/wp-content\/uploads\/2023\/11\/logo-ffl.gif\" \/><\/div>\n<div class=\"col-md-6\">\n<p>Facultad de Filosof\u00eda y Letras (Universidad de Alicante)<\/p>\n<\/div>\n<\/div>\n<p>&nbsp;<\/p>\n<hr \/>\n<div class=\"row\">\n<div class=\"col-md-4 col-md-offset-2\"><img decoding=\"async\" class=\"img-responsive\" src=\"https:\/\/griale.dfelg.ua.es\/cihv2024\/wp-content\/uploads\/2023\/11\/depto.jpg\" \/><\/div>\n<div class=\"col-md-6\">\n<p>Departamento de Filolog\u00eda Espa\u00f1ola, Ling\u00fc\u00edstica General y Teor\u00eda de la Literatura (Universidad de Alicante)<\/p>\n<\/div>\n<\/div>\n<p>&nbsp;<\/p>\n<hr \/>\n<div class=\"row\">\n<div class=\"col-md-4 col-md-offset-2\"><img decoding=\"async\" class=\"img-responsive\" src=\"https:\/\/griale.dfelg.ua.es\/cihv2024\/wp-content\/uploads\/2023\/12\/ViceInvestigacion.png\" \/><\/div>\n<div class=\"col-md-6\">\n<p>Vicerrectorado de Investigaci\u00f3n (Universidad de Alicante)<\/p>\n<\/div>\n<\/div>\n<p>&nbsp;<\/p>\n<hr \/>\n<div class=\"row\">\n<div class=\"col-md-4 col-md-offset-2\"><img decoding=\"async\" class=\"img-responsive\" src=\"https:\/\/griale.dfelg.ua.es\/cihv2024\/wp-content\/uploads\/2023\/12\/ViceCultura.png\" \/><\/div>\n<div class=\"col-md-6\">\n<p>Vicerrectorado de Cultura, Deporte y Extensi\u00f3n Universitaria (Universidad de Alicante)<\/p>\n<\/div>\n<\/div>\n<p>&nbsp;<\/p>\n<hr \/>\n<div class=\"row\">\n<div class=\"col-md-4 col-md-offset-2\"><img decoding=\"async\" class=\"img-responsive\" src=\"https:\/\/griale.dfelg.ua.es\/cihv2024\/wp-content\/uploads\/2023\/12\/logo-iuieg.jpg\" \/><\/div>\n<div class=\"col-md-6\">\n<p>Instituto Universitario de Investigaci\u00f3n de Estudios de G\u00e9nero (IUIEG) (Universidad de Alicante)<\/p>\n<\/div>\n<\/div>\n<p>&nbsp;<\/p>\n<hr \/>\n<div class=\"row\">\n<div class=\"col-md-2 col-md-offset-2\"><a href=\"https:\/\/carmencita.com\/\"><img decoding=\"async\" class=\"img-responsive\" src=\"https:\/\/griale.dfelg.ua.es\/cihv2024\/wp-content\/uploads\/2024\/09\/manodesanto.jpg\" \/><\/a><\/div>\n<div class=\"col-md-2\"><a href=\"https:\/\/carmencita.com\/\"><img decoding=\"async\" class=\"img-responsive\" src=\"https:\/\/griale.dfelg.ua.es\/cihv2024\/wp-content\/uploads\/2024\/02\/carmencita.png\" \/><\/a><\/div>\n<div class=\"col-md-6\">\n<p>Carmencita<\/p>\n<\/div>\n<\/div>\n<p>&nbsp;<\/p>\n<hr \/>\n<div class=\"row\">\n<div class=\"col-md-2\"><img decoding=\"async\" class=\"img-responsive\" src=\"https:\/\/griale.dfelg.ua.es\/cihv2024\/wp-content\/uploads\/2024\/03\/Turisme_CV_Principal_Positivo_Color_CMYK.png\" \/><\/div>\n<div class=\"col-md-4\"><img decoding=\"async\" class=\"img-responsive\" src=\"https:\/\/griale.dfelg.ua.es\/cihv2024\/wp-content\/uploads\/2024\/06\/Turisme.jpg\" \/><\/div>\n<div class=\"col-md-6\">\n<p>Turisme Comunitat Valenciana<\/p>\n<\/div>\n<\/div>\n<p>&nbsp;<\/p>\n<hr \/>\n<div class=\"row\">\n<div class=\"col-md-3 col-md-offset-3\"><img decoding=\"async\" class=\"img-responsive\" src=\"https:\/\/griale.dfelg.ua.es\/cihv2024\/wp-content\/uploads\/2024\/06\/sede-xixona.jpg\" \/><\/div>\n<div class=\"col-md-6\">\n<p>Sede Universitaria de Xixona<\/p>\n<\/div>\n<\/div>\n<p>&nbsp;<\/p>\n<hr \/>\n<div class=\"row\">\n<div class=\"col-md-3 col-md-offset-3\"><img decoding=\"async\" class=\"img-responsive\" src=\"https:\/\/griale.dfelg.ua.es\/cihv2024\/wp-content\/uploads\/2024\/06\/ayto-xixona.jpg\" \/><\/div>\n<div class=\"col-md-6\">\n<p>Ayuntamiento de Xixona<\/p>\n<\/div>\n<\/div>\n<p>&nbsp;<\/p>\n","protected":false},"excerpt":{"rendered":"<div class=\"slide-text-bg2\"><span>Organising Institutions Grupo GRIALE (Grupo de Investigaci\u00f3n sobre la iron\u00eda y el humor en espa\u00f1ol. Universidad de Alicante) (VIGROB 0-65) &nbsp; Proyec<\/span><\/div>\n<div class=\"slide-btn-area-sm\"><a href=\"https:\/\/griale.dfelg.ua.es\/cihv2024\/en\/sponsors\/\" class=\"slide-btn-sm\">Leer m\u00e1s<\/a><\/div>\n","protected":false},"author":1,"featured_media":0,"parent":0,"menu_order":0,"comment_status":"closed","ping_status":"closed","template":"","meta":{"footnotes":""},"class_list":["post-24","page","type-page","status-publish","hentry"],"_links":{"self":[{"href":"https:\/\/griale.dfelg.ua.es\/cihv2024\/wp-json\/wp\/v2\/pages\/24","targetHints":{"allow":["GET"]}}],"collection":[{"href":"https:\/\/griale.dfelg.ua.es\/cihv2024\/wp-json\/wp\/v2\/pages"}],"about":[{"href":"https:\/\/griale.dfelg.ua.es\/cihv2024\/wp-json\/wp\/v2\/types\/page"}],"author":[{"embeddable":true,"href":"https:\/\/griale.dfelg.ua.es\/cihv2024\/wp-json\/wp\/v2\/users\/1"}],"replies":[{"embeddable":true,"href":"https:\/\/griale.dfelg.ua.es\/cihv2024\/wp-json\/wp\/v2\/comments?post=24"}],"version-history":[{"count":23,"href":"https:\/\/griale.dfelg.ua.es\/cihv2024\/wp-json\/wp\/v2\/pages\/24\/revisions"}],"predecessor-version":[{"id":532,"href":"https:\/\/griale.dfelg.ua.es\/cihv2024\/wp-json\/wp\/v2\/pages\/24\/revisions\/532"}],"wp:attachment":[{"href":"https:\/\/griale.dfelg.ua.es\/cihv2024\/wp-json\/wp\/v2\/media?parent=24"}],"curies":[{"name":"wp","href":"https:\/\/api.w.org\/{rel}","templated":true}]}}