{"id":27,"date":"2023-10-23T12:06:40","date_gmt":"2023-10-23T10:06:40","guid":{"rendered":"https:\/\/griale.dfelg.ua.es\/cihv2024\/?page_id=27"},"modified":"2024-04-22T12:27:01","modified_gmt":"2024-04-22T10:27:01","slug":"envio-de-resumenes","status":"publish","type":"page","link":"https:\/\/griale.dfelg.ua.es\/cihv2024\/envio-de-resumenes\/","title":{"rendered":"Env\u00edo de res\u00famenes"},"content":{"rendered":"<p><strong>&#8211; Apertura de recepci\u00f3n de propuestas:<\/strong> 1 de diciembre de 2023<\/p>\n<p><strong>&#8211; L\u00edmite de recepci\u00f3n de propuestas:<\/strong> hasta el 30 de abril de 2024<\/p>\n<p><strong>&#8211; Notificaci\u00f3n de la aceptaci\u00f3n (o no) de las propuestas<\/strong>: antes del 15 de mayo de 2024.<\/p>\n<p>&nbsp;<\/p>\n<h3>Caracter\u00edsticas de las comunicaciones:<\/h3>\n<p>Aceptamos comunicaciones originales en espa\u00f1ol o en ingl\u00e9s. Aunque la recepci\u00f3n de propuestas no se limitar\u00e1 exclusivamente a estas sesiones tem\u00e1ticas, por favor, elija una de las siguientes sesiones al enviar su propuesta:<\/p>\n<table id=\"paneles\" class=\"table table-striped table-hover\">\n<tbody>\n<tr>\n<td><strong>Panel 1.<\/strong> <a href=\"https:\/\/griale.dfelg.ua.es\/cihv2024\/wp-content\/uploads\/2024\/01\/panel1-es.pdf\">Humor, multimodalidad y discursos digitales<\/a><\/td>\n<td>(Coordinadores: Francisco Yus y Ana Mar\u00eda Mancera)<\/td>\n<td><img decoding=\"async\" class=\"img-responsive img-rounded fotopanel\" src=\"https:\/\/griale.dfelg.ua.es\/wp-content\/uploads\/2018\/01\/francisco-yus-miniatura.jpg\" alt=\"\" \/><img decoding=\"async\" class=\"img-responsive img-rounded fotopanel\" src=\"https:\/\/griale.dfelg.ua.es\/wp-content\/uploads\/2023\/12\/anamancera-miniatura.jpg\" alt=\"\" \/><\/td>\n<\/tr>\n<tr>\n<td><strong>Panel 2.<\/strong> <a href=\"https:\/\/griale.dfelg.ua.es\/cihv2024\/wp-content\/uploads\/2024\/01\/panel2-es.pdf\">Humor, adquisici\u00f3n y ense\u00f1anza de lenguas<\/a><\/td>\n<td>(Coordinadores: Larissa Timofeeva Timofeev y Juan Luis Jim\u00e9nez)<\/td>\n<td><img decoding=\"async\" class=\"img-responsive img-rounded fotopanel\" src=\"https:\/\/griale.dfelg.ua.es\/wp-content\/uploads\/2018\/02\/larissa-miniatura.jpg\" alt=\"\" \/><img decoding=\"async\" class=\"img-responsive img-rounded fotopanel\" src=\"https:\/\/griale.dfelg.ua.es\/wp-content\/uploads\/2018\/01\/juan-luis-jimenez-miniatura.jpg\" alt=\"\" \/><\/td>\n<\/tr>\n<tr>\n<td><strong>Panel 3.<\/strong> <a href=\"https:\/\/griale.dfelg.ua.es\/cihv2024\/wp-content\/uploads\/2024\/01\/panel3-es.pdf\">Humor y g\u00e9neros textuales<\/a><\/td>\n<td>(Coordinador: Jos\u00e9 Joaqu\u00edn Mart\u00ednez Egido)<\/td>\n<td><img decoding=\"async\" class=\"img-responsive img-rounded fotopanel\" src=\"https:\/\/griale.dfelg.ua.es\/wp-content\/uploads\/2017\/12\/josejoaquin-miniatura.jpg\" alt=\"\" \/><\/td>\n<\/tr>\n<tr>\n<td><strong>Panel 4.<\/strong> <a href=\"https:\/\/griale.dfelg.ua.es\/cihv2024\/wp-content\/uploads\/2024\/01\/panel4-es.pdf\">Humor y corpus ling\u00fc\u00edsticos<\/a><\/td>\n<td>(Coordinadoras: Chelo Vargas y Elvira Manero)<\/td>\n<td><img decoding=\"async\" class=\"img-responsive img-rounded fotopanel\" src=\"https:\/\/griale.dfelg.ua.es\/wp-content\/uploads\/2022\/01\/chelo-vargas.jpg\" alt=\"\" \/><img decoding=\"async\" class=\"img-responsive img-rounded fotopanel\" src=\"https:\/\/griale.dfelg.ua.es\/wp-content\/uploads\/2018\/04\/elvira-manero.png\" alt=\"\" \/><\/td>\n<\/tr>\n<tr>\n<td><strong>Panel 5.<\/strong> <a href=\"https:\/\/griale.dfelg.ua.es\/cihv2024\/wp-content\/uploads\/2024\/01\/panel5-es.pdf\">Humor e interacci\u00f3n<\/a><\/td>\n<td>(Coordinadora: G. Angela Mura)<\/td>\n<td><img decoding=\"async\" class=\"img-responsive img-rounded fotopanel\" src=\"https:\/\/griale.dfelg.ua.es\/wp-content\/uploads\/2017\/12\/angela-miniatura.jpg\" alt=\"\" \/><\/td>\n<\/tr>\n<tr>\n<td><strong>Panel 6.<\/strong> <a href=\"https:\/\/griale.dfelg.ua.es\/cihv2024\/wp-content\/uploads\/2024\/01\/panel6-es.pdf\">Humor y (des)cortes\u00eda<\/a><\/td>\n<td>(Coordinadora: M. Bel\u00e9n Alvarado Ortega)<\/td>\n<td><img decoding=\"async\" class=\"img-responsive img-rounded fotopanel\" src=\"https:\/\/griale.dfelg.ua.es\/wp-content\/uploads\/2017\/12\/belenalvarado-miniatura.jpg\" alt=\"\" \/><\/td>\n<\/tr>\n<\/tbody>\n<\/table>\n<p>La extensi\u00f3n del resumen de la propuesta ser\u00e1 de como m\u00e1ximo\u00a0<strong>350 palabras<\/strong>\u00a0(sin incluir bibliograf\u00eda).<\/p>\n<p>La duraci\u00f3n m\u00e1xima de exposici\u00f3n ser\u00e1 de\u00a0<strong>20 minutos<\/strong>\u00a0(m\u00e1s 10 de discusi\u00f3n y preguntas).<\/p>\n<h3>Formulario de env\u00edo de propuestas<\/h3>\n<p>Por favor, seleccione este enlace para enviar su propuesta: <a href=\"https:\/\/forms.gle\/NGaHbnt2dEXHhK3x5\">https:\/\/forms.gle\/NGaHbnt2dEXHhK3x5<\/a><\/p>\n<h3>Registro<\/h3>\n<p>Tras la aceptaci\u00f3n de su propuesta, deber\u00e1 registrarse en el siguiente enlace: <a href=\"https:\/\/griale.dfelg.ua.es\/cihv2024\/inscripcion\/\">https:\/\/griale.dfelg.ua.es\/cihv2024\/inscripcion\/<\/a><\/p>\n<p>La cuota de inscripci\u00f3n incluye la asistencia y la participaci\u00f3n en el congreso, as\u00ed como el material del congresista y las pausas para el caf\u00e9.<\/p>\n<p>Si desea asistir a la cena de gala, deber\u00e1 abonar en met\u00e1lico la cantidad de <strong>50 euros<\/strong> en el momento de retirar su acreditaci\u00f3n en la mesa de recepci\u00f3n.<\/p>\n<p>&nbsp;<\/p>\n<p><strong>INSCRIPCI\u00d3N COMUNICANTES<\/strong><\/p>\n<h5>Pago realizado hasta el 31 de julio de 2024<\/h5>\n<p>Cuota de inscripci\u00f3n para comunicantes: 160\u20ac<\/p>\n<p>Cuota de inscripci\u00f3n para comunicantes que son estudiantes (debe enviar copia de matr\u00edcula junto a la copia del ingreso): 100\u20ac<\/p>\n<h5>Pago realizado despu\u00e9s del 31 de julio de 2024<\/h5>\n<p>Cuota de inscripci\u00f3n para comunicantes: 180\u20ac<\/p>\n<p>Cuota de inscripci\u00f3n para comunicantes que son estudiantes: 120\u20ac<\/p>\n<p>&nbsp;<\/p>\n<p><strong>INSCRIPCI\u00d3N ASISTENTES<\/strong><\/p>\n<h5>Pago realizado hasta el 31 de julio de 2024<\/h5>\n<p>Asistentes: 40\u20ac<\/p>\n<p>Asistentes de la UA: 20\u20ac<\/p>\n<h5>Pago realizado despu\u00e9s del 31 de julio de 2024<\/h5>\n<p>Asistentes: 50\u20ac<\/p>\n<p>Asistentes de la UA: 20\u20ac<\/p>\n<p>&nbsp;<\/p>\n","protected":false},"excerpt":{"rendered":"<div class=\"slide-text-bg2\"><span>&#8211; Apertura de recepci\u00f3n de propuestas: 1 de diciembre de 2023 &#8211; L\u00edmite de recepci\u00f3n de propuestas: hasta el 30 de abril de 2024 &#8211; Noti<\/span><\/div>\n<div class=\"slide-btn-area-sm\"><a href=\"https:\/\/griale.dfelg.ua.es\/cihv2024\/envio-de-resumenes\/\" class=\"slide-btn-sm\">Leer m\u00e1s<\/a><\/div>\n","protected":false},"author":1,"featured_media":0,"parent":0,"menu_order":0,"comment_status":"closed","ping_status":"closed","template":"","meta":{"footnotes":""},"class_list":["post-27","page","type-page","status-publish","hentry"],"_links":{"self":[{"href":"https:\/\/griale.dfelg.ua.es\/cihv2024\/wp-json\/wp\/v2\/pages\/27","targetHints":{"allow":["GET"]}}],"collection":[{"href":"https:\/\/griale.dfelg.ua.es\/cihv2024\/wp-json\/wp\/v2\/pages"}],"about":[{"href":"https:\/\/griale.dfelg.ua.es\/cihv2024\/wp-json\/wp\/v2\/types\/page"}],"author":[{"embeddable":true,"href":"https:\/\/griale.dfelg.ua.es\/cihv2024\/wp-json\/wp\/v2\/users\/1"}],"replies":[{"embeddable":true,"href":"https:\/\/griale.dfelg.ua.es\/cihv2024\/wp-json\/wp\/v2\/comments?post=27"}],"version-history":[{"count":15,"href":"https:\/\/griale.dfelg.ua.es\/cihv2024\/wp-json\/wp\/v2\/pages\/27\/revisions"}],"predecessor-version":[{"id":345,"href":"https:\/\/griale.dfelg.ua.es\/cihv2024\/wp-json\/wp\/v2\/pages\/27\/revisions\/345"}],"wp:attachment":[{"href":"https:\/\/griale.dfelg.ua.es\/cihv2024\/wp-json\/wp\/v2\/media?parent=27"}],"curies":[{"name":"wp","href":"https:\/\/api.w.org\/{rel}","templated":true}]}}