{"id":29,"date":"2023-10-23T12:07:19","date_gmt":"2023-10-23T10:07:19","guid":{"rendered":"https:\/\/griale.dfelg.ua.es\/cihv2024\/?page_id=29"},"modified":"2024-04-22T12:27:39","modified_gmt":"2024-04-22T10:27:39","slug":"call-for-papers","status":"publish","type":"page","link":"https:\/\/griale.dfelg.ua.es\/cihv2024\/en\/call-for-papers\/","title":{"rendered":"Call for papers"},"content":{"rendered":"<h3>Important dates<\/h3>\n<p><strong>&#8211; Abstracts open<\/strong>: 1 December 2023<\/p>\n<p><strong>&#8211; Proposals are due by<\/strong> 30 April 2024<\/p>\n<p><strong>&#8211; Notification of acceptance<\/strong>: before 15 May 2024<\/p>\n<p>&nbsp;<\/p>\n<h3>Call for papers<\/h3>\n<p>We welcome original papers, written either Spanish or English. Topics for presentations may include, but are not exclusively limited to, the following ones (please, select one of them):<\/p>\n<table id=\"paneles\" class=\"table table-striped table-hover\">\n<tbody>\n<tr>\n<td><strong>Panel 1.<\/strong> <a href=\"https:\/\/griale.dfelg.ua.es\/cihv2024\/wp-content\/uploads\/2024\/01\/panel1-en.pdf\">Humour, multimodality and digital discourses<\/a><\/td>\n<td>(Conveners: Francisco Yus &amp; Ana Mar\u00eda Mancera)<\/td>\n<td><img decoding=\"async\" class=\"img-responsive img-rounded fotopanel\" src=\"https:\/\/griale.dfelg.ua.es\/wp-content\/uploads\/2018\/01\/francisco-yus-miniatura.jpg\" alt=\"\" \/><img decoding=\"async\" class=\"img-responsive img-rounded fotopanel\" src=\"https:\/\/griale.dfelg.ua.es\/wp-content\/uploads\/2023\/12\/anamancera-miniatura.jpg\" alt=\"\" \/><\/td>\n<\/tr>\n<tr>\n<td><strong>Panel 2.<\/strong> <a href=\"https:\/\/griale.dfelg.ua.es\/cihv2024\/wp-content\/uploads\/2024\/01\/panel2-en.pdf\">Humour, language acquisition and language teaching<\/a><\/td>\n<td>(Conveners: Larissa Timofeeva Timofeev &amp; Juan Luis Jim\u00e9nez)<\/td>\n<td><img decoding=\"async\" class=\"img-responsive img-rounded fotopanel\" src=\"https:\/\/griale.dfelg.ua.es\/wp-content\/uploads\/2018\/02\/larissa-miniatura.jpg\" alt=\"\" \/><img decoding=\"async\" class=\"img-responsive img-rounded fotopanel\" src=\"https:\/\/griale.dfelg.ua.es\/wp-content\/uploads\/2018\/01\/juan-luis-jimenez-miniatura.jpg\" alt=\"\" \/><\/td>\n<\/tr>\n<tr>\n<td><strong>Panel 3.<\/strong> <a href=\"https:\/\/griale.dfelg.ua.es\/cihv2024\/wp-content\/uploads\/2024\/01\/panel3-en.pdf\">Humour and textual genres<\/a><\/td>\n<td>(Convener: Jos\u00e9 Joaqu\u00edn Mart\u00ednez Egido)<\/td>\n<td><img decoding=\"async\" class=\"img-responsive img-rounded fotopanel\" src=\"https:\/\/griale.dfelg.ua.es\/wp-content\/uploads\/2017\/12\/josejoaquin-miniatura.jpg\" alt=\"\" \/><\/td>\n<\/tr>\n<tr>\n<td><strong>Panel 4.<\/strong> <a href=\"https:\/\/griale.dfelg.ua.es\/cihv2024\/wp-content\/uploads\/2024\/01\/panel4-en.pdf\">Humour and linguistic corpora<\/a><\/td>\n<td>(Conveners: Chelo Vargas &amp; Elvira Manero)<\/td>\n<td><img decoding=\"async\" class=\"img-responsive img-rounded fotopanel\" src=\"https:\/\/griale.dfelg.ua.es\/wp-content\/uploads\/2022\/01\/chelo-vargas.jpg\" alt=\"\" \/><img decoding=\"async\" class=\"img-responsive img-rounded fotopanel\" src=\"https:\/\/griale.dfelg.ua.es\/wp-content\/uploads\/2018\/04\/elvira-manero.png\" alt=\"\" \/><\/td>\n<\/tr>\n<tr>\n<td><strong>Panel 5.<\/strong> <a href=\"https:\/\/griale.dfelg.ua.es\/cihv2024\/wp-content\/uploads\/2024\/01\/panel5-en.pdf\">Humour and interaction<\/a><\/td>\n<td>(Convener: G. Angela Mura)<\/td>\n<td><img decoding=\"async\" class=\"img-responsive img-rounded fotopanel\" src=\"https:\/\/griale.dfelg.ua.es\/wp-content\/uploads\/2017\/12\/angela-miniatura.jpg\" alt=\"\" \/><\/td>\n<\/tr>\n<tr>\n<td><strong>Panel 6.<\/strong> <a href=\"https:\/\/griale.dfelg.ua.es\/cihv2024\/wp-content\/uploads\/2024\/01\/panel6-en.pdf\">Humour and (im)politeness<\/a><\/td>\n<td>(Convener: M. Bel\u00e9n Alvarado Ortega)<\/td>\n<td><img decoding=\"async\" class=\"img-responsive img-rounded fotopanel\" src=\"https:\/\/griale.dfelg.ua.es\/wp-content\/uploads\/2017\/12\/belenalvarado-miniatura.jpg\" alt=\"\" \/><\/td>\n<\/tr>\n<\/tbody>\n<\/table>\n<p>&nbsp;<\/p>\n<p>The abstract should not exceed <strong>350 words<\/strong> (excluding references).<\/p>\n<p>Each paper will be presented in a <strong>20-minute<\/strong> time slot, with an additional 10 minutes allocated for discussion and questions.<\/p>\n<h3>Upload your proposal<\/h3>\n<p>This is the registration link to submit your proposal:\u00a0<a href=\"https:\/\/forms.gle\/NGaHbnt2dEXHhK3x5\">https:\/\/forms.gle\/NGaHbnt2dEXHhK3x5<\/a><\/p>\n<h3>Registration<\/h3>\n<p>After the acceptance of your proposal, you can register on the website: <a href=\"https:\/\/griale.dfelg.ua.es\/cihv2024\/en\/registration\">https:\/\/griale.dfelg.ua.es\/cihv2024\/en\/registration<\/a><\/p>\n<p>The registration fee includes attendance and participation in the conference, as well as conference material and coffee breaks,<\/p>\n<p>Should you desire to partake in the conference dinner, kindly remit a payment of <strong>50\u20ac<\/strong> in cash at the time of collecting your participant badge from the registration desk.<\/p>\n<p><strong>REGISTRATION OF SPEAKERS<\/strong><\/p>\n<h5>Payment made until 31 July 2024<\/h5>\n<p>&#8211; Registration fee for speakers: 160\u20ac<\/p>\n<p>&#8211; Registration fee for speakers who are students (please send a copy of your student enrolment together with a copy of your deposit): 100\u20ac<\/p>\n<h5>Payment made after 31 July 2024<\/h5>\n<p>&#8211; Registration fee for speakers: 180\u20ac<\/p>\n<p>&#8211; Registration fee for speakers who are students: 120\u20ac<\/p>\n<p><strong>REGISTRATION OF ATTENDEES<\/strong><\/p>\n<h5>Payment made until 31 July 2024<\/h5>\n<p>&#8211; Attendees: 40\u20ac<\/p>\n<p>&#8211; Attendees from the University of Alicante: 20\u20ac<\/p>\n<h5>Payment made after 31 July 2024<\/h5>\n<p>&#8211; Attendees: 50\u20ac<\/p>\n<p>&#8211; Attendees from the University of Alicante: 20\u20ac<\/p>\n<p>&nbsp;<\/p>\n","protected":false},"excerpt":{"rendered":"<div class=\"slide-text-bg2\"><span>Important dates &#8211; Abstracts open: 1 December 2023 &#8211; Proposals are due by 30 April 2024 &#8211; Notification of acceptance: before 15 May 2024 &#038;<\/span><\/div>\n<div class=\"slide-btn-area-sm\"><a href=\"https:\/\/griale.dfelg.ua.es\/cihv2024\/en\/call-for-papers\/\" class=\"slide-btn-sm\">Leer m\u00e1s<\/a><\/div>\n","protected":false},"author":1,"featured_media":0,"parent":0,"menu_order":0,"comment_status":"closed","ping_status":"closed","template":"","meta":{"footnotes":""},"class_list":["post-29","page","type-page","status-publish","hentry"],"_links":{"self":[{"href":"https:\/\/griale.dfelg.ua.es\/cihv2024\/wp-json\/wp\/v2\/pages\/29","targetHints":{"allow":["GET"]}}],"collection":[{"href":"https:\/\/griale.dfelg.ua.es\/cihv2024\/wp-json\/wp\/v2\/pages"}],"about":[{"href":"https:\/\/griale.dfelg.ua.es\/cihv2024\/wp-json\/wp\/v2\/types\/page"}],"author":[{"embeddable":true,"href":"https:\/\/griale.dfelg.ua.es\/cihv2024\/wp-json\/wp\/v2\/users\/1"}],"replies":[{"embeddable":true,"href":"https:\/\/griale.dfelg.ua.es\/cihv2024\/wp-json\/wp\/v2\/comments?post=29"}],"version-history":[{"count":22,"href":"https:\/\/griale.dfelg.ua.es\/cihv2024\/wp-json\/wp\/v2\/pages\/29\/revisions"}],"predecessor-version":[{"id":346,"href":"https:\/\/griale.dfelg.ua.es\/cihv2024\/wp-json\/wp\/v2\/pages\/29\/revisions\/346"}],"wp:attachment":[{"href":"https:\/\/griale.dfelg.ua.es\/cihv2024\/wp-json\/wp\/v2\/media?parent=29"}],"curies":[{"name":"wp","href":"https:\/\/api.w.org\/{rel}","templated":true}]}}