{"id":400,"date":"2024-05-26T13:33:58","date_gmt":"2024-05-26T11:33:58","guid":{"rendered":"https:\/\/griale.dfelg.ua.es\/cihv2024\/?page_id=400"},"modified":"2024-10-24T12:52:05","modified_gmt":"2024-10-24T10:52:05","slug":"inici","status":"publish","type":"page","link":"https:\/\/griale.dfelg.ua.es\/cihv2024\/va\/inici\/","title":{"rendered":"Inici"},"content":{"rendered":"<div class=\"col-md-10 col-md-offset-1\"><img loading=\"lazy\" decoding=\"async\" class=\"alignnone size-full wp-image-163\" src=\"https:\/\/griale.dfelg.ua.es\/cihv2024\/wp-content\/uploads\/2024\/09\/cartel-cihv2024-5-va.jpg\" alt=\"\" width=\"1254\" height=\"1791\" \/><\/div>\n<div class=\"clearfix\"><\/div>\n<p>&nbsp;<\/p>\n<div class=\"col-md-8 col-md-offset-2\">\n<div class=\"well recuadrodestacado\">\n<p>El <em>II Congr\u00e9s Internacional sobre l\u2019Humor Verbal<\/em> (#CIHV2024) tindr\u00e0 lloc a la Universitat d\u2019Alacant (Espanya) des del 16 al 18 d\u2019octubre de 2024. Patrocinat per GRIALE i pels projectes d\u2019investigaci\u00f3 PID2019-104980GB-I00 \u00abEl humor interaccional en espa\u00f1ol. G\u00e9neros orales, escritos y tecnol\u00f3gicos\u00bb (MCIN\/AEI\/\/10.13039\/501100011033) i PROMETEO\/2021\/079 \u00abEtiquetaje pragm\u00e1tico para un observatorio de la identidad de mujeres y hombres a trav\u00e9s del humor. La plataforma Observahumor.com\u00bb (Conselleria d\u2019Innovaci\u00f3, Universitats, Ci\u00e8ncia i Societat Digital. Generalitat Valenciana) \u00e9s una magn\u00edfica ocasi\u00f3 per a reunir en un mateix espai i temps investigadors i investigadores internacionals del m\u00e9s alt nivell, que centren la seua feina en l\u2019humor verbal i la idiosincr\u00e0sia d\u2019aquest des de perspectives molt diverses. A m\u00e9s, es converteix en una ocasi\u00f3 excel\u00b7lent per a compartir coneixements sobre els \u00faltims avan\u00e7os en la ling\u00fc\u00edstica de l\u2019humor, com tamb\u00e9 per consolidar xarxes d\u2019investigaci\u00f3 entre els diversos assistents a la trobada i fomentar d\u2019altres noves.. <a href=\"https:\/\/griale.dfelg.ua.es\/cihv2024\/acerca-de\/\">Leer m\u00e1s&#8230;<\/a><\/p>\n<\/div>\n<\/div>\n<p style=\"text-align: center;\">\n","protected":false},"excerpt":{"rendered":"<div class=\"slide-text-bg2\"><span>&nbsp; El II Congr\u00e9s Internacional sobre l\u2019Humor Verbal (#CIHV2024) tindr\u00e0 lloc a la Universitat d\u2019Alacant (Espanya) des del 16 al 18 d\u2019octubre de <\/span><\/div>\n<div class=\"slide-btn-area-sm\"><a href=\"https:\/\/griale.dfelg.ua.es\/cihv2024\/va\/inici\/\" class=\"slide-btn-sm\">Leer m\u00e1s<\/a><\/div>\n","protected":false},"author":1,"featured_media":0,"parent":0,"menu_order":0,"comment_status":"closed","ping_status":"closed","template":"","meta":{"footnotes":""},"class_list":["post-400","page","type-page","status-publish","hentry"],"_links":{"self":[{"href":"https:\/\/griale.dfelg.ua.es\/cihv2024\/wp-json\/wp\/v2\/pages\/400","targetHints":{"allow":["GET"]}}],"collection":[{"href":"https:\/\/griale.dfelg.ua.es\/cihv2024\/wp-json\/wp\/v2\/pages"}],"about":[{"href":"https:\/\/griale.dfelg.ua.es\/cihv2024\/wp-json\/wp\/v2\/types\/page"}],"author":[{"embeddable":true,"href":"https:\/\/griale.dfelg.ua.es\/cihv2024\/wp-json\/wp\/v2\/users\/1"}],"replies":[{"embeddable":true,"href":"https:\/\/griale.dfelg.ua.es\/cihv2024\/wp-json\/wp\/v2\/comments?post=400"}],"version-history":[{"count":11,"href":"https:\/\/griale.dfelg.ua.es\/cihv2024\/wp-json\/wp\/v2\/pages\/400\/revisions"}],"predecessor-version":[{"id":569,"href":"https:\/\/griale.dfelg.ua.es\/cihv2024\/wp-json\/wp\/v2\/pages\/400\/revisions\/569"}],"wp:attachment":[{"href":"https:\/\/griale.dfelg.ua.es\/cihv2024\/wp-json\/wp\/v2\/media?parent=400"}],"curies":[{"name":"wp","href":"https:\/\/api.w.org\/{rel}","templated":true}]}}