{"id":407,"date":"2024-05-26T16:50:05","date_gmt":"2024-05-26T14:50:05","guid":{"rendered":"https:\/\/griale.dfelg.ua.es\/cihv2024\/?page_id=407"},"modified":"2024-07-08T08:46:28","modified_gmt":"2024-07-08T06:46:28","slug":"informacio","status":"publish","type":"page","link":"https:\/\/griale.dfelg.ua.es\/cihv2024\/va\/informacio\/","title":{"rendered":"Informaci\u00f3"},"content":{"rendered":"<h4><strong>PRESENTACI\u00d3<\/strong><\/h4>\n<p>El <em>II Congr\u00e9s Internacional sobre l\u2019Humor Verbal<\/em> (#CIHV2024) tindr\u00e0 lloc a la Universitat d\u2019Alacant (Espanya) des del 16 al 18 d\u2019octubre de 2024. Patrocinat per GRIALE i pels projectes d\u2019investigaci\u00f3 PID2019-104980GB-I00 \u00abEl humor interaccional en espa\u00f1ol. G\u00e9neros orales, escritos y tecnol\u00f3gicos\u00bb (MCIN\/AEI\/\/10.13039\/501100011033) i PROMETEO\/2021\/079 \u00abEtiquetaje pragm\u00e1tico para un observatorio de la identidad de mujeres y hombres a trav\u00e9s del humor. La plataforma Observahumor.com\u00bb (Conselleria d\u2019Innovaci\u00f3, Universitats, Ci\u00e8ncia i Societat Digital. Generalitat Valenciana) \u00e9s una magn\u00edfica ocasi\u00f3 per a reunir en un mateix espai i temps investigadors i investigadores internacionals del m\u00e9s alt nivell, que centren la seua feina en l\u2019humor verbal i la idiosincr\u00e0sia d\u2019aquest des de perspectives molt diverses. A m\u00e9s, es converteix en una ocasi\u00f3 excel\u00b7lent per a compartir coneixements sobre els \u00faltims avan\u00e7os en la ling\u00fc\u00edstica de l\u2019humor, com tamb\u00e9 per consolidar xarxes d\u2019investigaci\u00f3 entre els diversos assistents a la trobada i fomentar d\u2019altres noves.<\/p>\n<p>GRIALE (https:\/\/griale.dfelg.ua.es\/) \u00e9s l\u2019\u00fanic grup d\u2019investigaci\u00f3 dedicat a nivell nacional a estudiar la ironia i l\u2019humor verbal. Fundat l\u2019any 2002, ha comptat fins al moment amb sis projectes R+D nacionals i 2 projectes Prometeu concedits per la Generalitat Valenciana, i tamb\u00e9 amb diverses ajudes de la Universitat d\u2019Alacant. Els seus objectius principals s\u00f3n l\u2019an\u00e0lisi pragm\u00e0tica de la ironia i l\u2019humor, l\u2019observaci\u00f3 d\u2019aspectes socioculturals com el g\u00e8nere i la incid\u00e8ncia que t\u00e9 en la ironia i l\u2019humor, l\u2019adquisici\u00f3 de l\u2019humor en xiquets i l\u2019aplicaci\u00f3 dels resultats obtinguts a l\u2019ensenyament-aprenentatge de l\u2019espanyol com a llengua estrangera i als trastorns del llenguatge, especialment els de l\u2019espectre autista. A m\u00e9s, el grup est\u00e0 elaborant diversos corpus d\u2019humor, que es troben en l\u2019actualitat en la plataforma OBSERVAHUMOR.COM. Aquests estan sent etiquetats i, en breu, seran posats a la disposici\u00f3 de la comunitat cient\u00edfica.<\/p>\n<p>GRIALE compta amb un reconegut prestigi a nivell internacional. Des de la seua fundaci\u00f3 l\u2019any 2002 ha organitzat de manera peri\u00f2dica diverses trobades internacionals com les seg\u00fcents:<\/p>\n<ul>\n<li>2011. Congreso Internacional sobre la iron\u00eda y el humor<\/li>\n<li>2015. International Workshop on Advanced Studies of Humor and Gender<\/li>\n<li>2017. <a href=\"https:\/\/griale.dfelg.ua.es\/international-symposium-on-figurativeness\/\">International Symposium on Figurativeness<\/a><\/li>\n<li>2019. <a href=\"https:\/\/griale.dfelg.ua.es\/cihv2019\/\">International Conference on Verbal Humor\/Congreso Internacional sobre el Humor Verbal<\/a><\/li>\n<li>2022. <a href=\"https:\/\/griale.dfelg.ua.es\/washum\/\">II International Workshop on advanced studies of humor and gender\/II taller internacional sobre estudios avanzados de humor y g\u00e9nero<\/a><\/li>\n<li>2023. <a href=\"https:\/\/griale.dfelg.ua.es\/humoursymposium\/\">II International Symposium on Verbal Humour. Interactive Humour\/II Simposio Internacional sobre el Humor Verbal. El Humor Interactivo<\/a><\/li>\n<\/ul>\n<p>Aquesta labor d\u2019internacionalitzaci\u00f3 culmina amb la celebraci\u00f3 del II Congr\u00e9s Internacional sobre l\u2019Humor Verbal l\u2019any 2024.<\/p>\n<p>&nbsp;<\/p>\n<h4><strong>DESCRIPCI\u00d3 DE L\u2019ACTIVITAT<\/strong><\/h4>\n<p>El II Congr\u00e9s Internacional sobre l\u2019Humor Verbal s\u2019estructura en confer\u00e8ncies convidades i pon\u00e8ncies.<\/p>\n<h5>PLENARISTES:<\/h5>\n<div class=\"row\">\n<div class=\"col-md-3 text-center\">\n<p><a href=\"https:\/\/griale.dfelg.ua.es\/cihv2024\/jan-chovanec-es\/\"><img decoding=\"async\" src=\"https:\/\/griale.dfelg.ua.es\/cihv2024\/wp-content\/uploads\/2023\/12\/Jan-Chovanec.jpg\" \/><\/a><\/p>\n<p><a href=\"https:\/\/griale.dfelg.ua.es\/cihv2024\/jan-chovanec-es\/\">Jan Chovanec<\/a> (Universitat Masaryk, Rep\u00fablica Txeca)<br \/>\n<em>Digital humour as a form of grassroots political commentary<\/em><\/p>\n<\/div>\n<div class=\"col-md-3 text-center\">\n<p><a href=\"https:\/\/griale.dfelg.ua.es\/cihv2024\/beatrice-priego-valverde-es\/\"><img decoding=\"async\" src=\"https:\/\/griale.dfelg.ua.es\/cihv2024\/wp-content\/uploads\/2023\/12\/Beatrice-Priego-Valverde.jpg\" \/><\/a><\/p>\n<p><a href=\"https:\/\/griale.dfelg.ua.es\/cihv2024\/beatrice-priego-valverde-es\/\">B\u00e9atrice Priego-Valverde<\/a> (Universitat Aix-Marseille, Fran\u00e7a)<br \/>\n<em>The role of smile in negotiating failed conversational humor<\/em><\/p>\n<\/div>\n<div class=\"col-md-3 text-center\">\n<p><a href=\"https:\/\/griale.dfelg.ua.es\/cihv2024\/geert-brone-es\/\"><img decoding=\"async\" style=\"max-height: 180px;\" src=\"https:\/\/griale.dfelg.ua.es\/cihv2024\/wp-content\/uploads\/2023\/12\/Geert-Brone.jpg\" \/><\/a><\/p>\n<p><a href=\"https:\/\/griale.dfelg.ua.es\/cihv2024\/geert-brone-es\/\">Geert Br\u00f4ne<\/a> ((Universitat de Lovaina, B\u00e8lgica)<br \/>\n<em>Humour and embodied stance in interaction<\/em><\/p>\n<\/div>\n<\/div>\n<p>&nbsp;<\/p>\n<h5>ALTRES CONVIDATS<\/h5>\n<div class=\"row\">\n<div class=\"col-md-3 text-center\">\n<p><img decoding=\"async\" style=\"max-height: 180px;\" src=\"https:\/\/griale.dfelg.ua.es\/cihv2024\/wp-content\/uploads\/2023\/12\/deliachiaro.jpg\" \/><\/p>\n<p>Delia Chiaro (Universitat de Bolonya, It\u00e0lia)<\/p>\n<\/div>\n<div class=\"col-md-3 text-center\">\n<p><img decoding=\"async\" style=\"max-height: 180px;\" src=\"https:\/\/griale.dfelg.ua.es\/cihv2024\/wp-content\/uploads\/2023\/12\/helgakotthoff.jpg\" \/><\/p>\n<p>Helga Kotthoff (Universitat Albert-Ludwigs- Friburgo, Alemanya)<\/p>\n<\/div>\n<\/div>\n<p>&nbsp;<\/p>\n<p>&nbsp;<\/p>\n<p>Les persones interessades poden presentar les seues propostes de comunicaci\u00f3 en algun dels seg\u00fcents panells:<br \/>\nPanell 1. Humor, multimodalitat i discursos digitals<br \/>\nPanell 2. Humor, adquisici\u00f3 i ensenyament de lleng\u00fces<br \/>\nPanell 3. Humor i g\u00e8neres textuals<br \/>\nPanell 4. Humor i corpus ling\u00fc\u00edstics<br \/>\nPanell 5. Humor i interacci\u00f3<br \/>\nPanell 6. Humor i (des)cortesia<\/p>\n<p>&nbsp;<\/p>\n","protected":false},"excerpt":{"rendered":"<div class=\"slide-text-bg2\"><span>PRESENTACI\u00d3 El II Congr\u00e9s Internacional sobre l\u2019Humor Verbal (#CIHV2024) tindr\u00e0 lloc a la Universitat d\u2019Alacant (Espanya) des del 16 al 18 d\u2019octub<\/span><\/div>\n<div class=\"slide-btn-area-sm\"><a href=\"https:\/\/griale.dfelg.ua.es\/cihv2024\/va\/informacio\/\" class=\"slide-btn-sm\">Leer m\u00e1s<\/a><\/div>\n","protected":false},"author":1,"featured_media":0,"parent":0,"menu_order":0,"comment_status":"closed","ping_status":"closed","template":"","meta":{"footnotes":""},"class_list":["post-407","page","type-page","status-publish","hentry"],"_links":{"self":[{"href":"https:\/\/griale.dfelg.ua.es\/cihv2024\/wp-json\/wp\/v2\/pages\/407","targetHints":{"allow":["GET"]}}],"collection":[{"href":"https:\/\/griale.dfelg.ua.es\/cihv2024\/wp-json\/wp\/v2\/pages"}],"about":[{"href":"https:\/\/griale.dfelg.ua.es\/cihv2024\/wp-json\/wp\/v2\/types\/page"}],"author":[{"embeddable":true,"href":"https:\/\/griale.dfelg.ua.es\/cihv2024\/wp-json\/wp\/v2\/users\/1"}],"replies":[{"embeddable":true,"href":"https:\/\/griale.dfelg.ua.es\/cihv2024\/wp-json\/wp\/v2\/comments?post=407"}],"version-history":[{"count":2,"href":"https:\/\/griale.dfelg.ua.es\/cihv2024\/wp-json\/wp\/v2\/pages\/407\/revisions"}],"predecessor-version":[{"id":488,"href":"https:\/\/griale.dfelg.ua.es\/cihv2024\/wp-json\/wp\/v2\/pages\/407\/revisions\/488"}],"wp:attachment":[{"href":"https:\/\/griale.dfelg.ua.es\/cihv2024\/wp-json\/wp\/v2\/media?parent=407"}],"curies":[{"name":"wp","href":"https:\/\/api.w.org\/{rel}","templated":true}]}}