{"id":419,"date":"2024-05-26T17:13:21","date_gmt":"2024-05-26T15:13:21","guid":{"rendered":"https:\/\/griale.dfelg.ua.es\/cihv2024\/?page_id=419"},"modified":"2024-05-26T17:14:26","modified_gmt":"2024-05-26T15:14:26","slug":"enviament-de-resums","status":"publish","type":"page","link":"https:\/\/griale.dfelg.ua.es\/cihv2024\/va\/enviament-de-resums\/","title":{"rendered":"Enviament de resums"},"content":{"rendered":"<p>\u2013 Obertura de recepci\u00f3 de propostes: 1 de desembre del 2023<\/p>\n<p>\u2013 L\u00edmit de recepci\u00f3 de propostes: fins al 30 d\u2019abril del 2024<\/p>\n<p>\u2013 Notificaci\u00f3 de l\u2019acceptaci\u00f3 (o no) de les propostes: abans del 15 de maig de 2024<\/p>\n<h3>Caracter\u00edstiques de les comunicacions:<\/h3>\n<p>Acceptem comunicacions originals en espanyol o en angl\u00e8s. Encara que la recepci\u00f3 de propostes no es limitar\u00e0 exclusivament a aquestes sessions tem\u00e0tiques, per favor, trieu una de les sessions seg\u00fcents quan envieu la vostra proposta:<\/p>\n<table id=\"paneles\" class=\"table table-striped table-hover\">\n<tbody>\n<tr>\n<td><strong>Panell 1.<\/strong> <a href=\"https:\/\/griale.dfelg.ua.es\/cihv2024\/wp-content\/uploads\/2024\/01\/panel1-es.pdf\">Humor, multimodalitat i discursos digitals<\/a><\/td>\n<td>(Coordinadors: Francisco Yus i Ana Mar\u00eda Mancera)<\/td>\n<td><img decoding=\"async\" class=\"img-responsive img-rounded fotopanel\" src=\"https:\/\/griale.dfelg.ua.es\/wp-content\/uploads\/2018\/01\/francisco-yus-miniatura.jpg\" alt=\"\" \/><img decoding=\"async\" class=\"img-responsive img-rounded fotopanel\" src=\"https:\/\/griale.dfelg.ua.es\/wp-content\/uploads\/2023\/12\/anamancera-miniatura.jpg\" alt=\"\" \/><\/td>\n<\/tr>\n<tr>\n<td><strong>Panell 2.<\/strong> <a href=\"https:\/\/griale.dfelg.ua.es\/cihv2024\/wp-content\/uploads\/2024\/01\/panel2-es.pdf\">Humor, adquisici\u00f3 i ensenyament de lleng\u00fces<\/a><\/td>\n<td>(Coordinadors: Larissa Timofeeva Timofeev i Juan Luis Jim\u00e9nez)<\/td>\n<td><img decoding=\"async\" class=\"img-responsive img-rounded fotopanel\" src=\"https:\/\/griale.dfelg.ua.es\/wp-content\/uploads\/2018\/02\/larissa-miniatura.jpg\" alt=\"\" \/><img decoding=\"async\" class=\"img-responsive img-rounded fotopanel\" src=\"https:\/\/griale.dfelg.ua.es\/wp-content\/uploads\/2018\/01\/juan-luis-jimenez-miniatura.jpg\" alt=\"\" \/><\/td>\n<\/tr>\n<tr>\n<td><strong>Panell 3.<\/strong> <a href=\"https:\/\/griale.dfelg.ua.es\/cihv2024\/wp-content\/uploads\/2024\/01\/panel3-es.pdf\">Humor i g\u00e8neres textuals <\/a><\/td>\n<td>(Coordinador: Jos\u00e9 Joaqu\u00edn Mart\u00ednez Egido)<\/td>\n<td><img decoding=\"async\" class=\"img-responsive img-rounded fotopanel\" src=\"https:\/\/griale.dfelg.ua.es\/wp-content\/uploads\/2017\/12\/josejoaquin-miniatura.jpg\" alt=\"\" \/><\/td>\n<\/tr>\n<tr>\n<td><strong>Panell 4.<\/strong> <a href=\"https:\/\/griale.dfelg.ua.es\/cihv2024\/wp-content\/uploads\/2024\/01\/panel4-es.pdf\">Humor i corpus ling\u00fc\u00edstics<\/a><\/td>\n<td>(Coordinadores: Chelo Vargas i Elvira Manero)<\/td>\n<td><img decoding=\"async\" class=\"img-responsive img-rounded fotopanel\" src=\"https:\/\/griale.dfelg.ua.es\/wp-content\/uploads\/2022\/01\/chelo-vargas.jpg\" alt=\"\" \/><img decoding=\"async\" class=\"img-responsive img-rounded fotopanel\" src=\"https:\/\/griale.dfelg.ua.es\/wp-content\/uploads\/2018\/04\/elvira-manero.png\" alt=\"\" \/><\/td>\n<\/tr>\n<tr>\n<td><strong>Panell 5.<\/strong> <a href=\"https:\/\/griale.dfelg.ua.es\/cihv2024\/wp-content\/uploads\/2024\/01\/panel5-es.pdf\">Humor i interacci\u00f3<\/a><\/td>\n<td>(Coordinadora: G. Angela Mura)<\/td>\n<td><img decoding=\"async\" class=\"img-responsive img-rounded fotopanel\" src=\"https:\/\/griale.dfelg.ua.es\/wp-content\/uploads\/2017\/12\/angela-miniatura.jpg\" alt=\"\" \/><\/td>\n<\/tr>\n<tr>\n<td><strong>Panell 6.<\/strong> <a href=\"https:\/\/griale.dfelg.ua.es\/cihv2024\/wp-content\/uploads\/2024\/01\/panel6-es.pdf\">Humor i (des)cortesia<\/a><\/td>\n<td>(Coordinadora: M. Bel\u00e9n Alvarado Ortega)<\/td>\n<td><img decoding=\"async\" class=\"img-responsive img-rounded fotopanel\" src=\"https:\/\/griale.dfelg.ua.es\/wp-content\/uploads\/2017\/12\/belenalvarado-miniatura.jpg\" alt=\"\" \/><\/td>\n<\/tr>\n<\/tbody>\n<\/table>\n<p>L\u2019extensi\u00f3 del resum de la proposta ser\u00e0 de com a m\u00e0xim 350 paraules (sense incloure bibliografia).<\/p>\n<p>La duraci\u00f3 m\u00e0xima d\u2019exposici\u00f3 ser\u00e0 de 20 minuts (m\u00e9s 10 de discussi\u00f3 i preguntes).<\/p>\n<h3>Formulari d\u2019enviament de propostes<\/h3>\n<p>Per favor, seleccioneu aquest enlla\u00e7 per a enviar la proposta: <a href=\"https:\/\/forms.gle\/NGaHbnt2dEXHhK3x5\">https:\/\/forms.gle\/NGaHbnt2dEXHhK3x5<\/a><\/p>\n<h3>Registre<\/h3>\n<p>Despr\u00e9s de l\u2019acceptaci\u00f3 de la proposta, haureu de registrar-vos en l\u2019enlla\u00e7 seg\u00fcent: <a href=\"https:\/\/griale.dfelg.ua.es\/cihv2024\/inscripcion\/\">https:\/\/griale.dfelg.ua.es\/cihv2024\/inscripcion\/<\/a><\/p>\n<p>La quota d\u2019inscripci\u00f3 inclou l\u2019assist\u00e8ncia i la participaci\u00f3 en el congr\u00e9s, i tamb\u00e9 el material del congressista i les pauses per al caf\u00e8.<\/p>\n<p>Si voleu assistir al sopar de gala, haureu d\u2019abonar en efectiu la quantitat de 50 euros en el moment de retirar la vostra acreditaci\u00f3 en la taula de recepci\u00f3.<\/p>\n<p>&nbsp;<\/p>\n<p><strong>INSCRIPCI\u00d3 COMUNICANTS<\/strong><\/p>\n<h5>Pagament realitzat fins al 31 de juliol de 2024<\/h5>\n<p>Quota d\u2019inscripci\u00f3 per a comunicants: 160\u00a0\u20ac<\/p>\n<p>Quota d\u2019inscripci\u00f3 per a comunicants que s\u00f3n estudiants (heu d\u2019enviar c\u00f2pia de matr\u00edcula juntament amb la c\u00f2pia de l\u2019ingr\u00e9s): 100\u00a0\u20ac<\/p>\n<h5>Pagament realitzat despr\u00e9s del 31 de juliol de 2024<\/h5>\n<p>Quota d\u2019inscripci\u00f3 per a comunicants: 180\u00a0\u20ac<\/p>\n<p>Quota d\u2019inscripci\u00f3 per a comunicants que s\u00f3n estudiants: 120\u00a0\u20ac<\/p>\n<p>&nbsp;<\/p>\n<p><strong>INSCRIPCI\u00d3 ASSISTENTS<\/strong><\/p>\n<h5>Pagament realitzat fins al 31 de juliol de 2024<\/h5>\n<p>Assistents: 40\u20ac<\/p>\n<p>Assistents de la UA: 20\u20ac<\/p>\n<h5>Pagament realitzat despr\u00e9s del 31 de juliol de 2024<\/h5>\n<p>Assistents: 50\u20ac<\/p>\n<p>Assistents de la UA: 20\u20ac<\/p>\n<p>&nbsp;<\/p>\n","protected":false},"excerpt":{"rendered":"<div class=\"slide-text-bg2\"><span>\u2013 Obertura de recepci\u00f3 de propostes: 1 de desembre del 2023 \u2013 L\u00edmit de recepci\u00f3 de propostes: fins al 30 d\u2019abril del 2024 \u2013 Notificaci\u00f3 de l\u2019<\/span><\/div>\n<div class=\"slide-btn-area-sm\"><a href=\"https:\/\/griale.dfelg.ua.es\/cihv2024\/va\/enviament-de-resums\/\" class=\"slide-btn-sm\">Leer m\u00e1s<\/a><\/div>\n","protected":false},"author":1,"featured_media":0,"parent":0,"menu_order":0,"comment_status":"closed","ping_status":"closed","template":"","meta":{"footnotes":""},"class_list":["post-419","page","type-page","status-publish","hentry"],"_links":{"self":[{"href":"https:\/\/griale.dfelg.ua.es\/cihv2024\/wp-json\/wp\/v2\/pages\/419","targetHints":{"allow":["GET"]}}],"collection":[{"href":"https:\/\/griale.dfelg.ua.es\/cihv2024\/wp-json\/wp\/v2\/pages"}],"about":[{"href":"https:\/\/griale.dfelg.ua.es\/cihv2024\/wp-json\/wp\/v2\/types\/page"}],"author":[{"embeddable":true,"href":"https:\/\/griale.dfelg.ua.es\/cihv2024\/wp-json\/wp\/v2\/users\/1"}],"replies":[{"embeddable":true,"href":"https:\/\/griale.dfelg.ua.es\/cihv2024\/wp-json\/wp\/v2\/comments?post=419"}],"version-history":[{"count":1,"href":"https:\/\/griale.dfelg.ua.es\/cihv2024\/wp-json\/wp\/v2\/pages\/419\/revisions"}],"predecessor-version":[{"id":420,"href":"https:\/\/griale.dfelg.ua.es\/cihv2024\/wp-json\/wp\/v2\/pages\/419\/revisions\/420"}],"wp:attachment":[{"href":"https:\/\/griale.dfelg.ua.es\/cihv2024\/wp-json\/wp\/v2\/media?parent=419"}],"curies":[{"name":"wp","href":"https:\/\/api.w.org\/{rel}","templated":true}]}}