{"id":422,"date":"2024-05-26T17:16:33","date_gmt":"2024-05-26T15:16:33","guid":{"rendered":"https:\/\/griale.dfelg.ua.es\/cihv2024\/?page_id=422"},"modified":"2024-10-07T11:42:58","modified_gmt":"2024-10-07T09:42:58","slug":"programa-2","status":"publish","type":"page","link":"https:\/\/griale.dfelg.ua.es\/cihv2024\/va\/programa-2\/","title":{"rendered":"Programa"},"content":{"rendered":"<p>El <strong>II Congr\u00e9s Internacional sobre l\u2019Humor Verbal (#CIHV2024)<\/strong> t\u00e9 el plaer de presentar-vos el programa oficial de la pr\u00f2xima edici\u00f3, que tindr\u00e0 lloc del 16 al 18 d\u2019octubre a Alacant.<\/p>\n<p>En aquest programa trobareu informaci\u00f3 detallada sobre la ubicaci\u00f3 i l\u2019acc\u00e9s, les pon\u00e8ncies i altres activitats que es desenvoluparan durant el congr\u00e9s.<\/p>\n<p><strong>Us convidem a descarregar el programa complet i a planificar la vostra assist\u00e8ncia a aquest important esdeveniment.<\/strong><\/p>\n<p><a href=\"https:\/\/griale.dfelg.ua.es\/cihv2024\/wp-content\/uploads\/2024\/10\/Programa-Programme.pdf\" target=\"_blank\" rel=\"noopener\"><strong><span class=\"dashicons dashicons-pdf\">\u00a0<\/span>Programa<\/strong><br \/>\n<\/a><\/p>\n<p>Tamb\u00e9 pot consultar el llibre de resums del congr\u00e9s.<\/p>\n<p><strong><a href=\"https:\/\/griale.dfelg.ua.es\/cihv2024\/wp-content\/uploads\/2024\/07\/Libro_de_resumenes_II_CIHV_2024.pdf\" target=\"_blank\" rel=\"noopener\"><span class=\"dashicons dashicons-pdf\">\u00a0<\/span> Llibre de resums<\/a><\/strong><\/p>\n","protected":false},"excerpt":{"rendered":"<div class=\"slide-text-bg2\"><span>El II Congr\u00e9s Internacional sobre l\u2019Humor Verbal (#CIHV2024) t\u00e9 el plaer de presentar-vos el programa oficial de la pr\u00f2xima edici\u00f3, que tindr\u00e0 lloc <\/span><\/div>\n<div class=\"slide-btn-area-sm\"><a href=\"https:\/\/griale.dfelg.ua.es\/cihv2024\/va\/programa-2\/\" class=\"slide-btn-sm\">Leer m\u00e1s<\/a><\/div>\n","protected":false},"author":1,"featured_media":0,"parent":0,"menu_order":0,"comment_status":"closed","ping_status":"closed","template":"","meta":{"footnotes":""},"class_list":["post-422","page","type-page","status-publish","hentry"],"_links":{"self":[{"href":"https:\/\/griale.dfelg.ua.es\/cihv2024\/wp-json\/wp\/v2\/pages\/422","targetHints":{"allow":["GET"]}}],"collection":[{"href":"https:\/\/griale.dfelg.ua.es\/cihv2024\/wp-json\/wp\/v2\/pages"}],"about":[{"href":"https:\/\/griale.dfelg.ua.es\/cihv2024\/wp-json\/wp\/v2\/types\/page"}],"author":[{"embeddable":true,"href":"https:\/\/griale.dfelg.ua.es\/cihv2024\/wp-json\/wp\/v2\/users\/1"}],"replies":[{"embeddable":true,"href":"https:\/\/griale.dfelg.ua.es\/cihv2024\/wp-json\/wp\/v2\/comments?post=422"}],"version-history":[{"count":9,"href":"https:\/\/griale.dfelg.ua.es\/cihv2024\/wp-json\/wp\/v2\/pages\/422\/revisions"}],"predecessor-version":[{"id":548,"href":"https:\/\/griale.dfelg.ua.es\/cihv2024\/wp-json\/wp\/v2\/pages\/422\/revisions\/548"}],"wp:attachment":[{"href":"https:\/\/griale.dfelg.ua.es\/cihv2024\/wp-json\/wp\/v2\/media?parent=422"}],"curies":[{"name":"wp","href":"https:\/\/api.w.org\/{rel}","templated":true}]}}