{"id":425,"date":"2024-05-26T17:23:21","date_gmt":"2024-05-26T15:23:21","guid":{"rendered":"https:\/\/griale.dfelg.ua.es\/cihv2024\/?page_id=425"},"modified":"2024-05-30T09:42:03","modified_gmt":"2024-05-30T07:42:03","slug":"inscripcio","status":"publish","type":"page","link":"https:\/\/griale.dfelg.ua.es\/cihv2024\/va\/inscripcio\/","title":{"rendered":"Inscripci\u00f3"},"content":{"rendered":"<h3><strong>PROC\u00c9S D\u2019INSCRIPCI\u00d3<\/strong><\/h3>\n<p><strong>1.<\/strong> Per a fer la inscripci\u00f3 degudament, primer haureu d\u2019obtenir el rebut de pagament a trav\u00e9s de l\u2019<a href=\"https:\/\/cvnet.cpd.ua.es\/uaPagos2\/PagarRecibo\/Recibo?idioma=es\"><strong>enlla\u00e7 seg\u00fcent<\/strong><\/a><\/p>\n<p>Una vegada obtingueu el rebut de pagament haureu de guardar el N\u00daMERO DE REFER\u00c8NCIA que apareixer\u00e0 en roig en la pantalla. (Aquest n\u00famero l\u2019haureu d\u2019indicar en el formulari d\u2019inscripci\u00f3.)<\/p>\n<p><strong>2.<\/strong> Per a abonar el pagament de la inscripci\u00f3 podeu fer-ho amb targeta o bizum directament a trav\u00e9s de la mateixa plataforma que us generar\u00e0 el rebut del pagament. Si preferiu fer el pagament per transfer\u00e8ncia, podreu trobar tota la informaci\u00f3 sobre el compte bancari pertinent m\u00e9s avall. Despr\u00e9s d\u2019obtenir un justificant de pagament, podreu inscriure-us a trav\u00e9s del <a href=\"https:\/\/forms.gle\/xCjoLCQZsqJZu4dg8\"><strong>formulari seg\u00fcent<\/strong><\/a>.<\/p>\n<p><strong>Important: haureu d\u2019emplenar el formulari i adjuntar el justificant del pagament perqu\u00e8 la vostra inscripci\u00f3 siga v\u00e0lida. Si sou estudiant, haureu de pujar tamb\u00e9 la c\u00f2pia de la matr\u00edcula del curs.<\/strong><\/p>\n<p><strong>*COMPTE PER A PAGAMENTS a trav\u00e9s DE TRANSFER\u00c8NCIA BANC\u00c0RIA<\/strong><\/p>\n<p>Nom del banc: BANC DE SABADELL, S.A.<br \/>\nIBAN: ES76 0081-3191-43-0001030312<br \/>\nSWIFT\/BIC: BSABESBBXXX<br \/>\nTitular: Universidad d&#8217;Alacant (n\u00famero d&#8217;ID. Q0332001G)<br \/>\n<strong>Concepte: COGNOM(S), NOM. CIHV2024<\/strong><\/p>\n<p><strong>**Important: el concepte de la transfer\u00e8ncia ha de ser correctament indicat perqu\u00e8 es puga comprovar de pagament.<\/strong><\/p>\n<p>&nbsp;<\/p>\n<h3><strong>QUOTES D\u2019INSCRIPCI\u00d3<\/strong><\/h3>\n<p>La quota d\u2019inscripci\u00f3 inclou l\u2019assist\u00e8ncia i la participaci\u00f3 en el congr\u00e9s, com tamb\u00e9 el material del congressista i les pauses per al caf\u00e8.<\/p>\n<p>Si voleu assistir al sopar de gala, haureu d\u2019abonar en efectiu la quantitat de 50 euros en el moment de retirar la vostra acreditaci\u00f3 en la taula de recepci\u00f3.<\/p>\n<p>Per a m\u00e9s informaci\u00f3 damunt el sopar de gala, per favor clic en l\u2019<a href=\"https:\/\/griale.dfelg.ua.es\/cihv2024\/va\/mes-info\/#sopar-de-gala\">enlla\u00e7 seg\u00fcent<\/a>.<\/p>\n<p>&nbsp;<\/p>\n<h4><strong>INSCRIPCI\u00d3 COMUNICANTS<\/strong><\/h4>\n<p><strong>\u00a0<\/strong><u>Pagament realitzat fins al 31 de juliol de 2024<\/u><\/p>\n<p>&#8211; Quota d\u2019inscripci\u00f3 per a comunicants: 160 \u20ac<br \/>\n&#8211; Quota d\u2019inscripci\u00f3 per a comunicants que s\u00f3n estudiants (heu d\u2019enviar c\u00f2pia de matr\u00edcula juntament amb la c\u00f2pia de l\u2019ingr\u00e9s): 100 \u20ac<\/p>\n<p>&nbsp;<\/p>\n<p><u>Pagament realitzat despr\u00e9s del 31 de juliol de 2024<\/u><\/p>\n<p>&#8211; Quota d\u2019inscripci\u00f3 per a comunicants: 180 \u20ac<br \/>\n&#8211; Quota d\u2019inscripci\u00f3 per a comunicants que s\u00f3n estudiants: 120 \u20ac<\/p>\n<p>&nbsp;<\/p>\n<p>&nbsp;<\/p>\n<h4><strong>INSCRIPCI\u00d3 ASSISTENTS<\/strong><\/h4>\n<p><strong>\u00a0<\/strong><u>Pagament realitzat fins al 31 de juliol de 2024<\/u><\/p>\n<p>-Assistents: 40\u20ac<\/p>\n<p>-Assistents de la UA: 20\u20ac<\/p>\n<p><u>Pagament realitzat despr\u00e9s del 31 de juliol de 2024<\/u><\/p>\n<p>&#8211; Assistents: 50\u20ac<\/p>\n<p>&#8211; Assistents de la UA: 20\u20ac<\/p>\n<p>&nbsp;<\/p>\n<h3><strong>PROGRAMA SOCIAL<\/strong><\/h3>\n<p>L\u2019organitzaci\u00f3 del congr\u00e9s est\u00e0 preparant el programa social: sopar del congr\u00e9s.<\/p>\n<p>&nbsp;<\/p>\n","protected":false},"excerpt":{"rendered":"<div class=\"slide-text-bg2\"><span>PROC\u00c9S D\u2019INSCRIPCI\u00d3 1. Per a fer la inscripci\u00f3 degudament, primer haureu d\u2019obtenir el rebut de pagament a trav\u00e9s de l\u2019enlla\u00e7 seg\u00fcent Una vegada<\/span><\/div>\n<div class=\"slide-btn-area-sm\"><a href=\"https:\/\/griale.dfelg.ua.es\/cihv2024\/va\/inscripcio\/\" class=\"slide-btn-sm\">Leer m\u00e1s<\/a><\/div>\n","protected":false},"author":1,"featured_media":0,"parent":0,"menu_order":0,"comment_status":"closed","ping_status":"closed","template":"","meta":{"footnotes":""},"class_list":["post-425","page","type-page","status-publish","hentry"],"_links":{"self":[{"href":"https:\/\/griale.dfelg.ua.es\/cihv2024\/wp-json\/wp\/v2\/pages\/425","targetHints":{"allow":["GET"]}}],"collection":[{"href":"https:\/\/griale.dfelg.ua.es\/cihv2024\/wp-json\/wp\/v2\/pages"}],"about":[{"href":"https:\/\/griale.dfelg.ua.es\/cihv2024\/wp-json\/wp\/v2\/types\/page"}],"author":[{"embeddable":true,"href":"https:\/\/griale.dfelg.ua.es\/cihv2024\/wp-json\/wp\/v2\/users\/1"}],"replies":[{"embeddable":true,"href":"https:\/\/griale.dfelg.ua.es\/cihv2024\/wp-json\/wp\/v2\/comments?post=425"}],"version-history":[{"count":6,"href":"https:\/\/griale.dfelg.ua.es\/cihv2024\/wp-json\/wp\/v2\/pages\/425\/revisions"}],"predecessor-version":[{"id":427,"href":"https:\/\/griale.dfelg.ua.es\/cihv2024\/wp-json\/wp\/v2\/pages\/425\/revisions\/427"}],"wp:attachment":[{"href":"https:\/\/griale.dfelg.ua.es\/cihv2024\/wp-json\/wp\/v2\/media?parent=425"}],"curies":[{"name":"wp","href":"https:\/\/api.w.org\/{rel}","templated":true}]}}