{"id":8,"date":"2023-10-20T12:43:13","date_gmt":"2023-10-20T10:43:13","guid":{"rendered":"https:\/\/griale.dfelg.ua.es\/cihv2024\/?page_id=8"},"modified":"2024-10-28T13:28:21","modified_gmt":"2024-10-28T12:28:21","slug":"inicio","status":"publish","type":"page","link":"https:\/\/griale.dfelg.ua.es\/cihv2024\/","title":{"rendered":"Inicio"},"content":{"rendered":"<div class=\"col-md-10 col-md-offset-1\"><img loading=\"lazy\" decoding=\"async\" class=\"alignnone size-full wp-image-163\" src=\"https:\/\/griale.dfelg.ua.es\/cihv2024\/wp-content\/uploads\/2024\/09\/cartel-cihv2024-5-es.jpg\" alt=\"\" width=\"1254\" height=\"1791\" \/><\/div>\n<div class=\"clearfix\"><\/div>\n<p>&nbsp;<\/p>\n<div class=\"col-md-8 col-md-offset-2\">\n<div class=\"well recuadrodestacado\">\n<p>El <em>II Congreso Internacional sobre el Humor Verbal<\/em> (#CIHV2024) tendr\u00e1 lugar en la Universidad de Alicante (Espa\u00f1a) del 16 al 18 de octubre de 2024. Auspiciado por GRIALE y por los proyectos de investigaci\u00f3n PID2019-104980GB-I00 \u00abEl humor interaccional en espa\u00f1ol. G\u00e9neros orales, escritos y tecnol\u00f3gicos\u00bb (MCIN\/AEI\/\/10.13039\/501100011033) y PROMETEO\/2021\/079 \u201cEtiquetaje pragm\u00e1tico para un observatorio de la identidad de mujeres y hombres a trav\u00e9s del humor. La plataforma Observahumor.com\u201d (Conselleria de Innovaci\u00f3n, Universidades, Ciencia y Sociedad Digital. Generalitat Valenciana) es una magn\u00edfica ocasi\u00f3n para reunir en un mismo espacio y tiempo a investigadores e investigadoras internacionales del m\u00e1s alto nivel, que centran su labor en el humor verbal y su idiosincrasia desde perspectivas muy diversas. Adem\u00e1s, se convierte en una ocasi\u00f3n excelente para compartir conocimientos acerca de los \u00faltimos avances en la ling\u00fc\u00edstica del humor, as\u00ed como para consolidar redes de investigaci\u00f3n entre los diversos asistentes al encuentro o fomentar otras nuevas. <a href=\"https:\/\/griale.dfelg.ua.es\/cihv2024\/acerca-de\/\">Leer m\u00e1s&#8230;<\/a><\/p>\n<\/div>\n<\/div>\n<div class=\"clearfix\"><\/div>\n<p style=\"text-align: center;\"><a class=\"btn btn-danger\" href=\"https:\/\/griale.dfelg.ua.es\/cihv2024\/acerca-de\/\">Acerca de<\/a> <a class=\"btn btn-danger\" href=\"https:\/\/griale.dfelg.ua.es\/cihv2024\/comites\/\">Comit\u00e9s<\/a> <a class=\"btn btn-danger\" href=\"https:\/\/griale.dfelg.ua.es\/cihv2024\/programa\/\">Programa<\/a> <a class=\"btn btn-danger\" href=\"https:\/\/griale.dfelg.ua.es\/cihv2024\/entidades-organizadoras-y-colaboradoras\/\">Patrocinadores<\/a> <a class=\"btn btn-danger\" href=\"https:\/\/griale.dfelg.ua.es\/cihv2024\/programa\/\">Programa<\/a> <a class=\"btn btn-danger\" href=\"https:\/\/griale.dfelg.ua.es\/cihv2024\/envio-de-resumenes\/\">Env\u00edo de res\u00famenes<\/a> <a class=\"btn btn-danger\" href=\"https:\/\/griale.dfelg.ua.es\/cihv2024\/inscripcion\/\">Inscripci\u00f3n<\/a>\u00a0<a class=\"btn btn-danger\" href=\"https:\/\/griale.dfelg.ua.es\/cihv2024\/masinformacion\/\">Info<\/a><\/p>\n","protected":false},"excerpt":{"rendered":"<div class=\"slide-text-bg2\"><span>&nbsp; El II Congreso Internacional sobre el Humor Verbal (#CIHV2024) tendr\u00e1 lugar en la Universidad de Alicante (Espa\u00f1a) del 16 al 18 de octubre de 2024<\/span><\/div>\n<div class=\"slide-btn-area-sm\"><a href=\"https:\/\/griale.dfelg.ua.es\/cihv2024\/\" class=\"slide-btn-sm\">Leer m\u00e1s<\/a><\/div>\n","protected":false},"author":1,"featured_media":0,"parent":0,"menu_order":0,"comment_status":"closed","ping_status":"closed","template":"","meta":{"footnotes":""},"class_list":["post-8","page","type-page","status-publish","hentry"],"_links":{"self":[{"href":"https:\/\/griale.dfelg.ua.es\/cihv2024\/wp-json\/wp\/v2\/pages\/8","targetHints":{"allow":["GET"]}}],"collection":[{"href":"https:\/\/griale.dfelg.ua.es\/cihv2024\/wp-json\/wp\/v2\/pages"}],"about":[{"href":"https:\/\/griale.dfelg.ua.es\/cihv2024\/wp-json\/wp\/v2\/types\/page"}],"author":[{"embeddable":true,"href":"https:\/\/griale.dfelg.ua.es\/cihv2024\/wp-json\/wp\/v2\/users\/1"}],"replies":[{"embeddable":true,"href":"https:\/\/griale.dfelg.ua.es\/cihv2024\/wp-json\/wp\/v2\/comments?post=8"}],"version-history":[{"count":17,"href":"https:\/\/griale.dfelg.ua.es\/cihv2024\/wp-json\/wp\/v2\/pages\/8\/revisions"}],"predecessor-version":[{"id":572,"href":"https:\/\/griale.dfelg.ua.es\/cihv2024\/wp-json\/wp\/v2\/pages\/8\/revisions\/572"}],"wp:attachment":[{"href":"https:\/\/griale.dfelg.ua.es\/cihv2024\/wp-json\/wp\/v2\/media?parent=8"}],"curies":[{"name":"wp","href":"https:\/\/api.w.org\/{rel}","templated":true}]}}