{"id":98,"date":"2023-11-06T10:37:31","date_gmt":"2023-11-06T09:37:31","guid":{"rendered":"https:\/\/griale.dfelg.ua.es\/cihv2024\/?page_id=98"},"modified":"2024-07-08T08:44:38","modified_gmt":"2024-07-08T06:44:38","slug":"acerca-de","status":"publish","type":"page","link":"https:\/\/griale.dfelg.ua.es\/cihv2024\/acerca-de\/","title":{"rendered":"Acerca de"},"content":{"rendered":"<h4><strong>PRESENTACI\u00d3N<\/strong><\/h4>\n<p>El\u00a0<em>II Congreso Internacional sobre el Humor Verbal (#CIHV2024)<\/em>\u00a0tendr\u00e1 lugar en la Universidad de Alicante (Espa\u00f1a) del 16 al 18 de octubre de 2024. Auspiciado por GRIALE y por los proyectos de investigaci\u00f3n PID2019-104980GB-I00 \u00abEl humor interaccional en espa\u00f1ol. G\u00e9neros orales, escritos y tecnol\u00f3gicos\u00bb (MCIN\/AEI\/\/10.13039\/501100011033) y PROMETEO\/2021\/079 \u201cEtiquetaje pragm\u00e1tico para un observatorio de la identidad de mujeres y hombres a trav\u00e9s del humor. La plataforma Observahumor.com\u201d (Conselleria de Innovaci\u00f3n, Universidades, Ciencia y Sociedad Digital. Generalitat Valenciana) es una magn\u00edfica ocasi\u00f3n para reunir en un mismo espacio y tiempo a investigadores e investigadoras internacionales del m\u00e1s alto nivel, que centran su labor en el humor verbal y su idiosincrasia desde perspectivas muy diversas. Adem\u00e1s, se convierte en una ocasi\u00f3n excelente para compartir conocimientos acerca de los \u00faltimos avances en la ling\u00fc\u00edstica del humor, as\u00ed como para consolidar redes de investigaci\u00f3n entre los diversos asistentes al encuentro o fomentar otras nuevas.<\/p>\n<p>GRIALE (<a href=\"https:\/\/griale.dfelg.ua.es\/\">https:\/\/griale.dfelg.ua.es\/<\/a>) es el \u00fanico grupo de investigaci\u00f3n dedicado a nivel nacional a estudiar la iron\u00eda y el humor verbal. Fundado en 2002, ha contado hasta el momento con seis proyectos I+D nacionales y 2 proyectos Prometeo concedidos por la Generalitat Valenciana, as\u00ed como con diversas ayudas de la Universidad de Alicante. Sus objetivos principales son el an\u00e1lisis pragm\u00e1tico de la iron\u00eda y el humor, la observaci\u00f3n de aspectos socioculturales como el g\u00e9nero y su incidencia en la iron\u00eda y el humor, la adquisici\u00f3n del humor en ni\u00f1os y la aplicaci\u00f3n de los resultados obtenidos a la ense\u00f1anza-aprendizaje del espa\u00f1ol como lengua extranjera y a los trastornos del lenguaje, en especial a los que tienen que ver con el espectro autista. Adem\u00e1s, est\u00e1 elaborando diversos corpus de humor, que se encuentran en la actualidad en la plataforma OBSERVAHUMOR.COM. Estos est\u00e1n siendo etiquetados y en breve ser\u00e1n puestos a disposici\u00f3n de la ciencia.<\/p>\n<p>GRIALE cuenta con un reconocido prestigio a nivel internacional. Desde su fundaci\u00f3n en 2002 ha venido organizando de manera peri\u00f3dica diversos encuentros internacionales como los siguientes:<\/p>\n<ul>\n<li>2011. Congreso Internacional sobre la iron\u00eda y el humor<\/li>\n<li>2015. International Workshop on Advanced Studies of Humor and Gender<\/li>\n<li>2017. <a href=\"https:\/\/griale.dfelg.ua.es\/international-symposium-on-figurativeness\/\">International Symposium on Figurativeness<\/a><\/li>\n<li>2019. <a href=\"https:\/\/griale.dfelg.ua.es\/cihv2019\/\">International Conference on Verbal Humor\/Congreso Internacional sobre el Humor Verbal<\/a><\/li>\n<li>2022. <a href=\"https:\/\/griale.dfelg.ua.es\/washum\/\">II International Workshop on advanced studies of humor and gender\/II taller internacional sobre estudios avanzados de humor y g\u00e9nero<\/a><\/li>\n<li>2023. <a href=\"https:\/\/griale.dfelg.ua.es\/humoursymposium\/\">II International Symposium on Verbal Humour. Interactive Humour\/II Simposio Internacional sobre el Humor Verbal. El Humor Interactivo<\/a><\/li>\n<\/ul>\n<p>Esta labor de internacionalizaci\u00f3n culmina con la celebraci\u00f3n del II Congreso Internacional sobre el Humor Verbal en 2024.<\/p>\n<p>&nbsp;<\/p>\n<h4><strong>DESCRIPCI\u00d3N DE LA ACTIVIDAD<\/strong><\/h4>\n<p>El II Congreso Internacional sobre el Humor Verbal se estructura en conferencias invitadas y ponencias.<\/p>\n<h5>PLENARISTAS:<\/h5>\n<div class=\"row\">\n<div class=\"col-md-3 text-center\">\n<p><a href=\"https:\/\/griale.dfelg.ua.es\/cihv2024\/jan-chovanec-es\/\"><img decoding=\"async\" src=\"https:\/\/griale.dfelg.ua.es\/cihv2024\/wp-content\/uploads\/2023\/12\/Jan-Chovanec.jpg\" \/><\/a><\/p>\n<p><a href=\"https:\/\/griale.dfelg.ua.es\/cihv2024\/jan-chovanec-es\/\">Jan Chovanec<\/a> (Universidad Masaryk, Rep\u00fablica Checa)<br \/>\n<em>Digital humour as a form of grassroots political commentary<\/em><\/p>\n<\/div>\n<div class=\"col-md-3 text-center\">\n<p><a href=\"https:\/\/griale.dfelg.ua.es\/cihv2024\/beatrice-priego-valverde-es\/\"><img decoding=\"async\" src=\"https:\/\/griale.dfelg.ua.es\/cihv2024\/wp-content\/uploads\/2023\/12\/Beatrice-Priego-Valverde.jpg\" \/><\/a><\/p>\n<p><a href=\"https:\/\/griale.dfelg.ua.es\/cihv2024\/beatrice-priego-valverde-es\/\">B\u00e9atrice Priego-Valverde<\/a> (Universidad Aix-Marseille, Francia)<br \/>\n<em>The role of smile in negotiating failed conversational humor<\/em><\/p>\n<\/div>\n<div class=\"col-md-3 text-center\">\n<p><a href=\"https:\/\/griale.dfelg.ua.es\/cihv2024\/geert-brone-es\/\"><img decoding=\"async\" style=\"max-height: 180px;\" src=\"https:\/\/griale.dfelg.ua.es\/cihv2024\/wp-content\/uploads\/2023\/12\/Geert-Brone.jpg\" \/><\/a><\/p>\n<p><a href=\"https:\/\/griale.dfelg.ua.es\/cihv2024\/geert-brone-es\/\">Geert Br\u00f4ne<\/a> (Universidad de Lovaina, B\u00e9lgica)<br \/>\n<em>Humour and embodied stance in interaction<\/em><\/p>\n<\/div>\n<\/div>\n<p>&nbsp;<\/p>\n<h5>OTROS INVITADOS:<\/h5>\n<div class=\"row\">\n<div class=\"col-md-3 text-center\">\n<p><img decoding=\"async\" style=\"max-height: 180px;\" src=\"https:\/\/griale.dfelg.ua.es\/cihv2024\/wp-content\/uploads\/2023\/12\/deliachiaro.jpg\" \/><br \/>\nDelia Chiaro (Universidad de Bolonia, Italia)<\/p>\n<\/div>\n<div class=\"col-md-3 text-center\">\n<p><img decoding=\"async\" style=\"max-height: 180px;\" src=\"https:\/\/griale.dfelg.ua.es\/cihv2024\/wp-content\/uploads\/2023\/12\/helgakotthoff.jpg\" \/><\/p>\n<p>Helga Kotthoff (Universidad Albert-Ludwigs- Friburgo, Alemania)<\/p>\n<\/div>\n<\/div>\n<p>&nbsp;<\/p>\n<p>&nbsp;<\/p>\n<p>Los interesados pueden presentar sus propuestas de comunicaci\u00f3n en alguno de los siguientes paneles:<\/p>\n<p>Panel 1. Humor, multimodalidad y discursos digitales<br \/>\nPanel 2. Humor, adquisici\u00f3n y ense\u00f1anza de lenguas<br \/>\nPanel 3. Humor y g\u00e9neros textuales<br \/>\nPanel 4. Humor y corpus ling\u00fc\u00edsticos<br \/>\nPanel 5. Humor e interacci\u00f3n<br \/>\nPanel 6. Humor y (des)cortes\u00eda<\/p>\n","protected":false},"excerpt":{"rendered":"<div class=\"slide-text-bg2\"><span>PRESENTACI\u00d3N El\u00a0II Congreso Internacional sobre el Humor Verbal (#CIHV2024)\u00a0tendr\u00e1 lugar en la Universidad de Alicante (Espa\u00f1a) del 16 al 18 de octubr<\/span><\/div>\n<div class=\"slide-btn-area-sm\"><a href=\"https:\/\/griale.dfelg.ua.es\/cihv2024\/acerca-de\/\" class=\"slide-btn-sm\">Leer m\u00e1s<\/a><\/div>\n","protected":false},"author":1,"featured_media":0,"parent":0,"menu_order":0,"comment_status":"closed","ping_status":"closed","template":"","meta":{"footnotes":""},"class_list":["post-98","page","type-page","status-publish","hentry"],"_links":{"self":[{"href":"https:\/\/griale.dfelg.ua.es\/cihv2024\/wp-json\/wp\/v2\/pages\/98","targetHints":{"allow":["GET"]}}],"collection":[{"href":"https:\/\/griale.dfelg.ua.es\/cihv2024\/wp-json\/wp\/v2\/pages"}],"about":[{"href":"https:\/\/griale.dfelg.ua.es\/cihv2024\/wp-json\/wp\/v2\/types\/page"}],"author":[{"embeddable":true,"href":"https:\/\/griale.dfelg.ua.es\/cihv2024\/wp-json\/wp\/v2\/users\/1"}],"replies":[{"embeddable":true,"href":"https:\/\/griale.dfelg.ua.es\/cihv2024\/wp-json\/wp\/v2\/comments?post=98"}],"version-history":[{"count":15,"href":"https:\/\/griale.dfelg.ua.es\/cihv2024\/wp-json\/wp\/v2\/pages\/98\/revisions"}],"predecessor-version":[{"id":486,"href":"https:\/\/griale.dfelg.ua.es\/cihv2024\/wp-json\/wp\/v2\/pages\/98\/revisions\/486"}],"wp:attachment":[{"href":"https:\/\/griale.dfelg.ua.es\/cihv2024\/wp-json\/wp\/v2\/media?parent=98"}],"curies":[{"name":"wp","href":"https:\/\/api.w.org\/{rel}","templated":true}]}}