{"id":14,"date":"2021-11-11T12:23:59","date_gmt":"2021-11-11T11:23:59","guid":{"rendered":"http:\/\/griale.dfelg.ua.es\/observahumor\/?page_id=14"},"modified":"2021-11-15T11:20:25","modified_gmt":"2021-11-15T10:20:25","slug":"informacion","status":"publish","type":"page","link":"https:\/\/griale.dfelg.ua.es\/observahumor\/informacion\/","title":{"rendered":"Informaci\u00f3n"},"content":{"rendered":"<div class=\"row\">\n<div class=\"col-md-6\">\n<div class=\"well\"><strong>T\u00cdTULO:<\/strong> PROMETEO\/2021\/079: Etiquetaje pragm\u00e1tico para un observatorio de la identidad de mujeres y hombres a trav\u00e9s del humor. La plataforma Observahumor.com<br \/>\n<strong>IP:<\/strong> Leonor Ruiz Gurillo<br \/>\n<strong>GRUPO DE INVESTIGACI\u00d3N:<\/strong> GRIALE<br \/>\n<strong>ACR\u00d3NIMO:<\/strong> OBSERVAHUMOR.COM<br \/>\n<strong>ENTIDAD FINANCIADORA:<\/strong> Generalitat Valenciana (programa Prometeo para grupos de excelencia)<br \/>\n<strong>FINANCIACI\u00d3N:<\/strong> 244.182,74<br \/>\n<strong>PERIODO:<\/strong> 2021-2024<br \/>\n<strong>CENTRO DE GASTO:<\/strong> IULMA<\/div>\n<\/div>\n<div class=\"col-md-6\"><img decoding=\"async\" class=\"aligncenter img-responsive\" src=\"https:\/\/griale.dfelg.ua.es\/observahumor\/wp-content\/uploads\/2021\/11\/logo-observahumor.png\" alt=\"Observa.HUMOR\" \/><\/div>\n<\/div>\n<p>El proyecto PROMETEO\/2021\/079 tiene como objetivo principal proporcionar un etiquetaje pragm\u00e1tico para los corpus que componen en la actualidad ObservaHumor y que son fruto del proyecto PROMETEO 2016\/052 (CHILDHUM, VALESCO.HUMOR, ERASMUS.HUMOR y COLUMNAS.HUMOR, accesibles en http:\/\/www.observahumor.com\/), adem\u00e1s de ampliar la plataforma con otras bases de datos y poder difundir los resultados en abierto.<\/p>\n<p>La innovaci\u00f3n de OBSERVAHUMOR.COM radica en que se apoya en un objeto de estudio que adolece de aproximaciones ling\u00fc\u00edsticas en espa\u00f1ol y que merece una mayor atenci\u00f3n cient\u00edfica, el humor, lo aborda desde la perspectiva de g\u00e9nero y aplica tecnolog\u00edas de la informaci\u00f3n al tratamiento de corpus. En este sentido, los corpus CHILDHUM, VALESCO.HUMOR, ERASMUS.HUMOR y COLUMNAS.HUMOR conforman el resultado de m\u00e1s de 15 a\u00f1os de investigaci\u00f3n sobre la ling\u00fc\u00edstica de la iron\u00eda y humor, investigaci\u00f3n que ha venido desarrollando el grupo GRIALE de la Universidad de Alicante, promotor de este proyecto OBSERVAHUMOR.COM: <a href=\"http:\/\/griale.dfelg.ua.es\/\">http:\/\/griale.dfelg.ua.es\/<\/a><\/p>\n<p>El impacto de la propuesta cabe imbricarla con su repercusi\u00f3n cient\u00edfica, social, internacional y de transferencia. En cuanto a su repercusi\u00f3n cient\u00edfica, ha de se\u00f1alarse que la anotaci\u00f3n pragm\u00e1tica de marcas e indicadores humor\u00edsticos dise\u00f1ada por GRIALE para OBSERVAHUMOR.COM es \u00fanica en el \u00e1mbito de la ling\u00fc\u00edstica de corpus y podr\u00e1 aportar datos pr\u00e1cticos acerca del uso del humor en espa\u00f1ol, as\u00ed como nuevas herramientas de marcaci\u00f3n pragm\u00e1tica para otros corpus. El hecho de disponer de corpus humor\u00edsticos a partir de la variable sexo supone la incorporaci\u00f3n de la perspectiva de g\u00e9nero desde los fundamentos propios del proyecto. En consecuencia, OBSERVAHUMOR.COM es social, pues pondr\u00e1 al alcance de la comunidad investigadora y del p\u00fablico en general una plataforma para observar las diferencias de uso del humor entre hombres y mujeres a trav\u00e9s de corpus muy diversos. Es, a su vez, un proyecto internacional, pues los diversos miembros que lo componen son de reconocido prestigio en el \u00e1mbito internacional del humor, al tiempo que GRIALE es conocido y reconocido a nivel mundial, entre otros aspectos, como organizador de encuentros internacionales en 2011, 2015, 2017, 2019 y 2021, as\u00ed como el \u00fanico grupo consolidado en el estudio del humor en espa\u00f1ol. Por \u00faltimo, su tecnolog\u00eda es transferible a trav\u00e9s de la difusi\u00f3n en abierto de la plataforma a toda la comunidad cient\u00edfica.<\/p>\n","protected":false},"excerpt":{"rendered":"<div class=\"slide-text-bg2\"><span>T\u00cdTULO: PROMETEO\/2021\/079: Etiquetaje pragm\u00e1tico para un observatorio de la identidad de mujeres y hombres a trav\u00e9s del humor. La plataforma Observahumo<\/span><\/div>\n<div class=\"slide-btn-area-sm\"><a href=\"https:\/\/griale.dfelg.ua.es\/observahumor\/informacion\/\" class=\"slide-btn-sm\">Leer m\u00e1s<\/a><\/div>\n","protected":false},"author":1,"featured_media":0,"parent":0,"menu_order":0,"comment_status":"closed","ping_status":"closed","template":"fullwidth.php","meta":{"footnotes":""},"class_list":["post-14","page","type-page","status-publish","hentry"],"_links":{"self":[{"href":"https:\/\/griale.dfelg.ua.es\/observahumor\/wp-json\/wp\/v2\/pages\/14","targetHints":{"allow":["GET"]}}],"collection":[{"href":"https:\/\/griale.dfelg.ua.es\/observahumor\/wp-json\/wp\/v2\/pages"}],"about":[{"href":"https:\/\/griale.dfelg.ua.es\/observahumor\/wp-json\/wp\/v2\/types\/page"}],"author":[{"embeddable":true,"href":"https:\/\/griale.dfelg.ua.es\/observahumor\/wp-json\/wp\/v2\/users\/1"}],"replies":[{"embeddable":true,"href":"https:\/\/griale.dfelg.ua.es\/observahumor\/wp-json\/wp\/v2\/comments?post=14"}],"version-history":[{"count":4,"href":"https:\/\/griale.dfelg.ua.es\/observahumor\/wp-json\/wp\/v2\/pages\/14\/revisions"}],"predecessor-version":[{"id":77,"href":"https:\/\/griale.dfelg.ua.es\/observahumor\/wp-json\/wp\/v2\/pages\/14\/revisions\/77"}],"wp:attachment":[{"href":"https:\/\/griale.dfelg.ua.es\/observahumor\/wp-json\/wp\/v2\/media?parent=14"}],"curies":[{"name":"wp","href":"https:\/\/api.w.org\/{rel}","templated":true}]}}