{"id":2,"date":"2021-11-11T10:12:14","date_gmt":"2021-11-11T10:12:14","guid":{"rendered":"http:\/\/griale.dfelg.ua.es\/observahumor\/?page_id=2"},"modified":"2025-05-22T09:00:03","modified_gmt":"2025-05-22T07:00:03","slug":"pagina-ejemplo","status":"publish","type":"page","link":"https:\/\/griale.dfelg.ua.es\/observahumor\/","title":{"rendered":"P\u00e1gina inicial"},"content":{"rendered":"<div class=\"col-md-10 col-md-offset-1\">\n<div class=\"homepage-mycarousel\">\n<div id=\"carousel-example-generic\" class=\"carousel slide slide\" data-ride=\"carousel\" data-interval=\"6000\">\n<p><!-- Indicators --><\/p>\n<ol class=\"carousel-indicators\">\n<li class=\"active\" data-target=\"#carousel-example-generic\" data-slide-to=\"0\"><\/li>\n<li class=\"\" data-target=\"#carousel-example-generic\" data-slide-to=\"1\"><\/li>\n<li class=\"\" data-target=\"#carousel-example-generic\" data-slide-to=\"2\"><\/li>\n<li class=\"\" data-target=\"#carousel-example-generic\" data-slide-to=\"3\"><\/li>\n<li class=\"\" data-target=\"#carousel-example-generic\" data-slide-to=\"4\"><\/li>\n<li class=\"\" data-target=\"#carousel-example-generic\" data-slide-to=\"5\"><\/li>\n<li class=\"\" data-target=\"#carousel-example-generic\" data-slide-to=\"6\"><\/li>\n<li class=\"\" data-target=\"#carousel-example-generic\" data-slide-to=\"7\"><\/li>\n<li class=\"\" data-target=\"#carousel-example-generic\" data-slide-to=\"8\"><\/li>\n<\/ol>\n<div class=\"carousel-inner\" role=\"listbox\">\n<div class=\"item active \"><img decoding=\"async\" class=\"img-responsive\" src=\"https:\/\/griale.dfelg.ua.es\/observahumor\/wp-content\/uploads\/2024\/12\/20241016_091045_1280px.jpg\" alt=\"\" \/><\/p>\n<div class=\"container slide-caption\">\n<div class=\"slide-text-bg1\"><\/div>\n<div class=\"slide-text-bg2\"><\/div>\n<\/div>\n<\/div>\n<div class=\"item \"><img decoding=\"async\" class=\"img-responsive\" src=\"https:\/\/griale.dfelg.ua.es\/observahumor\/wp-content\/uploads\/2024\/12\/20220411_125308_1280px.jpg\" alt=\"\" \/><\/p>\n<div class=\"container slide-caption\">\n<div class=\"slide-text-bg1\"><\/div>\n<div class=\"slide-text-bg2\"><\/div>\n<\/div>\n<\/div>\n<div class=\"item\">\n<p><img decoding=\"async\" class=\"img-responsive\" src=\"https:\/\/griale.dfelg.ua.es\/observahumor\/wp-content\/uploads\/2021\/11\/equipo-observahumor2.jpg\" alt=\"\" \/><\/p>\n<div class=\"container slide-caption\">\n<div class=\"slide-text-bg1\"><\/div>\n<\/div>\n<\/div>\n<div class=\"item \">\n<p><img decoding=\"async\" class=\"img-responsive\" src=\"https:\/\/griale.dfelg.ua.es\/observahumor\/wp-content\/uploads\/2021\/11\/equipo-observahumor.jpg\" alt=\"\" \/><\/p>\n<div class=\"container slide-caption\">\n<div class=\"slide-text-bg1\"><\/div>\n<div class=\"slide-text-bg2\"><\/div>\n<\/div>\n<\/div>\n<div class=\"item \">\n<p><img decoding=\"async\" class=\"img-responsive\" src=\"https:\/\/griale.dfelg.ua.es\/observahumor\/wp-content\/uploads\/2022\/02\/slider-20220217_140237_2.jpg\" alt=\"\" \/><\/p>\n<div class=\"container slide-caption\">\n<div class=\"slide-text-bg1\"><\/div>\n<div class=\"slide-text-bg2\"><\/div>\n<\/div>\n<\/div>\n<div class=\"item \">\n<p><img decoding=\"async\" class=\"img-responsive\" src=\"https:\/\/griale.dfelg.ua.es\/observahumor\/wp-content\/uploads\/2022\/02\/silder-20220217_135150.jpg\" alt=\"\" \/><\/p>\n<div class=\"container slide-caption\">\n<div class=\"slide-text-bg1\"><\/div>\n<div class=\"slide-text-bg2\"><\/div>\n<\/div>\n<\/div>\n<div class=\"item \">\n<p><img decoding=\"async\" class=\"img-responsive\" src=\"https:\/\/griale.dfelg.ua.es\/observahumor\/wp-content\/uploads\/2021\/11\/equipo-observahumor3.jpg\" alt=\"\" \/><\/p>\n<div class=\"container slide-caption\">\n<div class=\"slide-text-bg1\"><\/div>\n<div class=\"slide-text-bg2\"><\/div>\n<\/div>\n<\/div>\n<div class=\"item \">\n<p><img decoding=\"async\" class=\"img-responsive\" src=\"https:\/\/griale.dfelg.ua.es\/observahumor\/wp-content\/uploads\/2023\/01\/20230117_131406b.jpg\" alt=\"\" \/><\/p>\n<div class=\"container slide-caption\">\n<div class=\"slide-text-bg1\"><\/div>\n<div class=\"slide-text-bg2\"><\/div>\n<\/div>\n<\/div>\n<div class=\"item \"><img decoding=\"async\" class=\"img-responsive\" src=\"https:\/\/griale.dfelg.ua.es\/observahumor\/wp-content\/uploads\/2023\/01\/20230117_131519b.jpg\" alt=\"\" \/><\/p>\n<div class=\"container slide-caption\">\n<div class=\"slide-text-bg1\"><\/div>\n<div class=\"slide-text-bg2\"><\/div>\n<\/div>\n<\/div>\n<\/div>\n<p><!-- Pagination --><\/p>\n<ul class=\"carou-direction-nav\">\n<li><\/li>\n<li><\/li>\n<\/ul>\n<p><!-- \/Pagination --><\/p>\n<\/div>\n<p><!-- \/Slider Section --><\/p>\n<\/div>\n<\/div>\n<p><!-- contenido... --><\/p>\n<p style=\"text-align: center;\"><a href=\"https:\/\/griale.dfelg.ua.es\/observahumor\/wp-content\/uploads\/2025\/05\/Poster_PROMETEO_2021_079-2.jpg\"><img loading=\"lazy\" decoding=\"async\" class=\"alignnone size-full wp-image-323\" src=\"https:\/\/griale.dfelg.ua.es\/observahumor\/wp-content\/uploads\/2025\/05\/Poster_PROMETEO_2021_079-2.jpg\" alt=\"\" width=\"1240\" height=\"1754\" srcset=\"https:\/\/griale.dfelg.ua.es\/observahumor\/wp-content\/uploads\/2025\/05\/Poster_PROMETEO_2021_079-2.jpg 1240w, https:\/\/griale.dfelg.ua.es\/observahumor\/wp-content\/uploads\/2025\/05\/Poster_PROMETEO_2021_079-2-212x300.jpg 212w, https:\/\/griale.dfelg.ua.es\/observahumor\/wp-content\/uploads\/2025\/05\/Poster_PROMETEO_2021_079-2-724x1024.jpg 724w, https:\/\/griale.dfelg.ua.es\/observahumor\/wp-content\/uploads\/2025\/05\/Poster_PROMETEO_2021_079-2-768x1086.jpg 768w, https:\/\/griale.dfelg.ua.es\/observahumor\/wp-content\/uploads\/2025\/05\/Poster_PROMETEO_2021_079-2-1086x1536.jpg 1086w\" sizes=\"auto, (max-width: 1240px) 100vw, 1240px\" \/><\/a><br \/>\n(<a href=\"https:\/\/griale.dfelg.ua.es\/observahumor\/wp-content\/uploads\/2025\/05\/Poster_PROMETEO_2021_079.pdf\">Descargar p\u00f3ster informativo en PDF<\/a>)<\/p>\n<hr>\n<p style=\"text-align: center;\"><a class=\"btn btn-lg botonlila\" href=\"https:\/\/griale.dfelg.ua.es\/observahumor\/informacion\/\">M\u00e1s informaci\u00f3n<\/a> \u00a0 <a class=\"btn btn-lg botonlila botonlila2\" href=\"https:\/\/griale.dfelg.ua.es\/observahumor\/quienes-somos\/\">Qui\u00e9nes somos<\/a> \u00a0 <a class=\"btn btn-lg botonlila botonlila2\" href=\"http:\/\/www.observahumor.com\/\">Corpus de humor<\/a> \u00a0 <a class=\"btn btn-lg botonlila botonlila2\" href=\"https:\/\/griale.dfelg.ua.es\/observahumor\/noticias\/\">Noticias<\/a><\/p>\n","protected":false},"excerpt":{"rendered":"<div class=\"slide-text-bg2\"><span>(Descargar p\u00f3ster informativo en PDF) M\u00e1s informaci\u00f3n \u00a0 Qui\u00e9nes somos \u00a0 Corpus de humor \u00a0 Noticias<\/span><\/div>\n","protected":false},"author":1,"featured_media":0,"parent":0,"menu_order":0,"comment_status":"closed","ping_status":"open","template":"fullwidth.php","meta":{"footnotes":""},"class_list":["post-2","page","type-page","status-publish","hentry"],"_links":{"self":[{"href":"https:\/\/griale.dfelg.ua.es\/observahumor\/wp-json\/wp\/v2\/pages\/2","targetHints":{"allow":["GET"]}}],"collection":[{"href":"https:\/\/griale.dfelg.ua.es\/observahumor\/wp-json\/wp\/v2\/pages"}],"about":[{"href":"https:\/\/griale.dfelg.ua.es\/observahumor\/wp-json\/wp\/v2\/types\/page"}],"author":[{"embeddable":true,"href":"https:\/\/griale.dfelg.ua.es\/observahumor\/wp-json\/wp\/v2\/users\/1"}],"replies":[{"embeddable":true,"href":"https:\/\/griale.dfelg.ua.es\/observahumor\/wp-json\/wp\/v2\/comments?post=2"}],"version-history":[{"count":42,"href":"https:\/\/griale.dfelg.ua.es\/observahumor\/wp-json\/wp\/v2\/pages\/2\/revisions"}],"predecessor-version":[{"id":326,"href":"https:\/\/griale.dfelg.ua.es\/observahumor\/wp-json\/wp\/v2\/pages\/2\/revisions\/326"}],"wp:attachment":[{"href":"https:\/\/griale.dfelg.ua.es\/observahumor\/wp-json\/wp\/v2\/media?parent=2"}],"curies":[{"name":"wp","href":"https:\/\/api.w.org\/{rel}","templated":true}]}}