{"id":52,"date":"2021-11-12T12:35:37","date_gmt":"2021-11-12T11:35:37","guid":{"rendered":"https:\/\/griale.dfelg.ua.es\/observahumor\/?page_id=52"},"modified":"2023-02-03T13:12:18","modified_gmt":"2023-02-03T12:12:18","slug":"quienes-somos","status":"publish","type":"page","link":"https:\/\/griale.dfelg.ua.es\/observahumor\/quienes-somos\/","title":{"rendered":"Qui\u00e9nes somos"},"content":{"rendered":"<p><!-- \n<img decoding=\"async\" class=\"img-responsive\" src=\"https:\/\/griale.dfelg.ua.es\/observahumor\/wp-content\/uploads\/2021\/11\/equipo-observahumor.jpg\" alt=\"Equipo Griale\" \/>\n--><\/p>\n<div id=\"miembros\">\n<div class=\"col-md-8 col-md-offset-3\">\n<div class=\"col-md-4 col-xs-4\">\n<div align=\"center\">\n<div class=\"hovereffect\">\n<p><img decoding=\"async\" class=\"img-responsive img-rounded\" src=\"https:\/\/griale.dfelg.ua.es\/fotos\/leonorruiz.png\" alt=\"\" \/><\/p>\n<div class=\"overlay\"><a class=\"info\" target=\"_blank\" href=\"https:\/\/griale.dfelg.ua.es\/miembros\/leonor-ruiz-gurillo\/\" rel=\"noopener\">Leonor Ruiz Gurillo<\/a><\/div>\n<\/div>\n<\/div>\n<\/div>\n<div class=\"col-md-8 col-xs-8 \">\n<h4 style=\"font-size: 170%;\">Leonor Ruiz Gurillo (IP)<\/h4>\n<p>Catedr\u00e1tica de Lengua Espa\u00f1ola<br \/>\nUniversidad de Alicante<\/p>\n<p><a class=\"btn btn-morado\" href=\"https:\/\/griale.dfelg.ua.es\/miembros\/leonor-ruiz-gurillo\/\">Ver perfil<\/a><\/p>\n<\/div>\n<\/div>\n<div class=\"clearfix\"><\/div>\n<p>&nbsp;<br \/>\n<!--fila--><\/p>\n<div class=\"col-md-6\">\n<div class=\"row\">\n<div class=\"col-md-4 col-xs-4\">\n<div align=\"center\">\n<div class=\"hovereffect\">\n<p><img decoding=\"async\" class=\"img-responsive img-rounded\" src=\"https:\/\/griale.dfelg.ua.es\/wp-content\/uploads\/2018\/02\/larissa-miniatura.jpg\" alt=\"\" \/><\/p>\n<div class=\"overlay\"><a class=\"info\" target=\"_blank\" href=\"https:\/\/griale.dfelg.ua.es\/miembros\/larissa-timofeeva-timofeev\/\" rel=\"noopener\">Larissa Timofeeva Timofeev<\/a><\/div>\n<\/div>\n<\/div>\n<\/div>\n<div class=\"col-md-8 col-xs-8\">\n<h4>Larissa Timofeeva Timofeev<\/h4>\n<p>Profesora titular<br \/>\nUniversidad de Alicante<\/p>\n<p><a class=\"btn btn-morado\" href=\"https:\/\/griale.dfelg.ua.es\/miembros\/larissa-timofeeva-timofeev\/\">Ver perfil<\/a><\/p>\n<\/div>\n<\/div>\n<\/div>\n<div class=\"col-md-6\">\n<div class=\"row\">\n<div class=\"col-md-4 col-xs-4\">\n<div align=\"center\">\n<div class=\"hovereffect\">\n<p><img decoding=\"async\" class=\"img-responsive img-rounded\" src=\"https:\/\/griale.dfelg.ua.es\/wp-content\/uploads\/2017\/12\/belenalvarado-miniatura.jpg\" alt=\"\" \/><\/p>\n<div class=\"overlay\"><a class=\"info\" target=\"_blank\" href=\"https:\/\/griale.dfelg.ua.es\/miembros\/belen-alvarado-ortega\/\" rel=\"noopener\">Bel\u00e9n Alvarado Ortega<\/a><\/div>\n<\/div>\n<\/div>\n<\/div>\n<div class=\"col-md-8 col-xs-8\">\n<h4>Bel\u00e9n Alvarado Ortega<\/h4>\n<p>Profesora titular<br \/>\nUniversidad de Alicante<\/p>\n<p><a class=\"btn btn-morado\" href=\"https:\/\/griale.dfelg.ua.es\/miembros\/belen-alvarado-ortega\/\">Ver perfil<\/a><\/p>\n<\/div>\n<\/div>\n<\/div>\n<p><!--\/fila--><\/p>\n<div class=\"clearfix\"><\/div>\n<p><!--fila--><\/p>\n<div class=\"col-md-6\">\n<div class=\"row\">\n<div class=\"col-md-4 col-xs-4\">\n<div align=\"center\">\n<div class=\"hovereffect\">\n<p><img loading=\"lazy\" decoding=\"async\" class=\"img-responsive img-rounded\" src=\"https:\/\/griale.dfelg.ua.es\/wp-content\/uploads\/2017\/12\/josejoaquin-miniatura.jpg\" alt=\"\" width=\"180\" height=\"180\" \/><\/p>\n<div class=\"overlay\"><a class=\"info\" target=\"_blank\" href=\"https:\/\/griale.dfelg.ua.es\/miembros\/jose-joaquin-martinez-egido\/\" rel=\"noopener\">Jos\u00e9 Joaqu\u00edn Mart\u00ednez Egido<\/a><\/div>\n<\/div>\n<\/div>\n<\/div>\n<div class=\"col-md-8 col-xs-8\">\n<h4>Jos\u00e9 Joaqu\u00edn Mart\u00ednez Egido<\/h4>\n<p>Profesor titular<br \/>\nUniversidad de Alicante<\/p>\n<p><a class=\"btn btn-morado\" href=\"https:\/\/griale.dfelg.ua.es\/miembros\/jose-joaquin-martinez-egido\/\">Ver perfil<\/a><\/p>\n<\/div>\n<\/div>\n<\/div>\n<div class=\"col-md-6\">\n<div class=\"row\">\n<div class=\"col-md-4 col-xs-4\">\n<div align=\"center\">\n<div class=\"hovereffect\">\n<p><img loading=\"lazy\" decoding=\"async\" class=\"img-responsive img-rounded\" src=\"https:\/\/griale.dfelg.ua.es\/wp-content\/uploads\/2018\/01\/francisco-yus-miniatura.jpg\" alt=\"\" width=\"180\" height=\"180\" \/><\/p>\n<div class=\"overlay\"><a class=\"info\" target=\"_blank\" href=\"https:\/\/griale.dfelg.ua.es\/miembros\/francisco-yus-ramos\/\" rel=\"noopener\">Francisco Yus Ramos<\/a><\/div>\n<\/div>\n<\/div>\n<\/div>\n<div class=\"col-md-8 col-xs-8\">\n<h4>Francisco Yus Ramos<\/h4>\n<p>Catedr\u00e1tico<br \/>\nUniversidad de Alicante<\/p>\n<p><a class=\"btn btn-morado\" href=\"https:\/\/griale.dfelg.ua.es\/miembros\/francisco-yus-ramos\/\">Ver perfil<\/a><\/p>\n<\/div>\n<\/div>\n<\/div>\n<p><!--\/fila--><\/p>\n<div class=\"clearfix\"><\/div>\n<p><!--fila--><\/p>\n<div class=\"col-md-6\">\n<div class=\"row\">\n<div class=\"col-md-4 col-xs-4\">\n<div align=\"center\">\n<div class=\"hovereffect\">\n<p><img loading=\"lazy\" decoding=\"async\" class=\"img-responsive img-rounded\" src=\"https:\/\/griale.dfelg.ua.es\/wp-content\/uploads\/2018\/01\/juan-luis-jimenez-miniatura.jpg\" alt=\"\" width=\"180\" height=\"180\" \/><\/p>\n<div class=\"overlay\"><a class=\"info\" target=\"_blank\" href=\"https:\/\/griale.dfelg.ua.es\/miembros\/juan-luis-jimenez-ruiz\/\" rel=\"noopener\">Juan Luis Jim\u00e9nez Ruiz<\/a><\/div>\n<\/div>\n<\/div>\n<\/div>\n<div class=\"col-md-8 col-xs-8\">\n<h4>Juan Luis Jim\u00e9nez Ruiz<\/h4>\n<p>Profesor titular<br \/>\nUniversidad de Alicante<\/p>\n<p><a class=\"btn btn-morado\" href=\"https:\/\/griale.dfelg.ua.es\/miembros\/juan-luis-jimenez-ruiz\/\">Ver perfil<\/a><\/p>\n<\/div>\n<\/div>\n<\/div>\n<div class=\"col-md-6\">\n<div class=\"row\">\n<div class=\"col-md-4 col-xs-4\">\n<div align=\"center\">\n<div class=\"hovereffect\">\n<p><img loading=\"lazy\" decoding=\"async\" class=\"img-responsive img-rounded\" src=\"https:\/\/griale.dfelg.ua.es\/wp-content\/uploads\/2022\/01\/chelo-vargas.jpg\" alt=\"\" width=\"180\" height=\"180\" \/><\/p>\n<div class=\"overlay\"><a class=\"info\" target=\"_blank\" href=\"https:\/\/griale.dfelg.ua.es\/miembros\/chelo-vargas\/\" rel=\"noopener\">Chelo Vargas Sierra<\/a><\/div>\n<\/div>\n<\/div>\n<\/div>\n<div class=\"col-md-8 col-xs-8\">\n<h4>Chelo Vargas Sierra<\/h4>\n<p>Profesora titular<br \/>\nUniversidad de Alicante<\/p>\n<p><a class=\"btn btn-morado\" href=\"https:\/\/griale.dfelg.ua.es\/miembros\/chelo-vargas\/\">Ver perfil<\/a><\/p>\n<\/div>\n<\/div>\n<\/div>\n<p><!--\/fila--><\/p>\n<div class=\"clearfix\"><\/div>\n<p><!--fila--><\/p>\n<div class=\"col-md-6\">\n<div class=\"row\">\n<div class=\"col-md-4 col-xs-4\">\n<div align=\"center\">\n<div class=\"hovereffect\">\n<p><img decoding=\"async\" class=\"img-responsive img-rounded\" src=\"https:\/\/griale.dfelg.ua.es\/wp-content\/uploads\/2020\/09\/ja-ortega.png\" alt=\"\" \/><\/p>\n<div class=\"overlay\"><a class=\"info\" href=\"https:\/\/griale.dfelg.ua.es\/miembros\/jose-antonio-ortega-gilabert\/\">Jos\u00e9 Antonio Ortega Gilabert<\/a><\/div>\n<\/div>\n<\/div>\n<\/div>\n<div class=\"col-md-8 col-xs-8\">\n<h4>Jos\u00e9 Antonio Ortega Gilabert<\/h4>\n<p>Contratado predoctoral<br \/>\nUniversidad de Alicante<\/p>\n<p><a class=\"btn btn-morado\" href=\"https:\/\/griale.dfelg.ua.es\/miembros\/jose-antonio-ortega-gilabert\/\">Ver perfil<\/a><\/p>\n<\/div>\n<\/div>\n<\/div>\n<div class=\"col-md-6\">\n<div class=\"row\">\n<div class=\"col-md-4 col-xs-4\">\n<div align=\"center\">\n<div class=\"hovereffect\">\n<p><img decoding=\"async\" class=\"img-responsive img-rounded\" src=\"https:\/\/griale.dfelg.ua.es\/wp-content\/uploads\/2022\/01\/anastasia-khaylina.jpg\" alt=\"\" \/><\/p>\n<div class=\"overlay\"><a class=\"info\" href=\"https:\/\/griale.dfelg.ua.es\/miembros\/anastasia-khaylina\/\">Anastasia Khaylina<\/a><\/div>\n<\/div>\n<\/div>\n<\/div>\n<div class=\"col-md-8 col-xs-8\">\n<h4>Anastasia Khaylina<\/h4>\n<p>Contratada predoctoral<br \/>\nUniversidad de Alicante<\/p>\n<p><a class=\"btn btn-morado\" href=\"https:\/\/griale.dfelg.ua.es\/miembros\/anastasia-khaylina\/\">Ver perfil<\/a><\/p>\n<\/div>\n<\/div>\n<\/div>\n<p><!--\/fila--><\/p>\n<div class=\"clearfix\"><\/div>\n<\/div>\n","protected":false},"excerpt":{"rendered":"<div class=\"slide-text-bg2\"><span>Leonor Ruiz Gurillo Leonor Ruiz Gurillo (IP) Catedr\u00e1tica de Lengua Espa\u00f1ola Universidad de Alicante Ver perfil &nbsp; Larissa Timofeeva Timofeev Larissa <\/span><\/div>\n<div class=\"slide-btn-area-sm\"><a href=\"https:\/\/griale.dfelg.ua.es\/observahumor\/quienes-somos\/\" class=\"slide-btn-sm\">Leer m\u00e1s<\/a><\/div>\n","protected":false},"author":1,"featured_media":0,"parent":0,"menu_order":0,"comment_status":"closed","ping_status":"closed","template":"fullwidth.php","meta":{"footnotes":""},"class_list":["post-52","page","type-page","status-publish","hentry"],"_links":{"self":[{"href":"https:\/\/griale.dfelg.ua.es\/observahumor\/wp-json\/wp\/v2\/pages\/52","targetHints":{"allow":["GET"]}}],"collection":[{"href":"https:\/\/griale.dfelg.ua.es\/observahumor\/wp-json\/wp\/v2\/pages"}],"about":[{"href":"https:\/\/griale.dfelg.ua.es\/observahumor\/wp-json\/wp\/v2\/types\/page"}],"author":[{"embeddable":true,"href":"https:\/\/griale.dfelg.ua.es\/observahumor\/wp-json\/wp\/v2\/users\/1"}],"replies":[{"embeddable":true,"href":"https:\/\/griale.dfelg.ua.es\/observahumor\/wp-json\/wp\/v2\/comments?post=52"}],"version-history":[{"count":19,"href":"https:\/\/griale.dfelg.ua.es\/observahumor\/wp-json\/wp\/v2\/pages\/52\/revisions"}],"predecessor-version":[{"id":225,"href":"https:\/\/griale.dfelg.ua.es\/observahumor\/wp-json\/wp\/v2\/pages\/52\/revisions\/225"}],"wp:attachment":[{"href":"https:\/\/griale.dfelg.ua.es\/observahumor\/wp-json\/wp\/v2\/media?parent=52"}],"curies":[{"name":"wp","href":"https:\/\/api.w.org\/{rel}","templated":true}]}}